{"id":3876,"date":"2015-09-12T13:30:52","date_gmt":"2015-09-12T10:30:52","guid":{"rendered":"http:\/\/merimnaseminars.gr\/?page_id=3876"},"modified":"2022-05-25T19:27:46","modified_gmt":"2022-05-25T16:27:46","slug":"merimna-institute-greece","status":"publish","type":"page","link":"https:\/\/merimnaseminars.gr\/de\/merimna-institute-greece\/","title":{"rendered":"Institut Merimna Griechenland"},"content":{"rendered":"<div class=\"wpb-content-wrapper\"><p>[vc_row text_color=&#8220;#ffffff&#8220; type=&#8220;image&#8220; bg_position=&#8220;center&#8220; bg_position_horizontal=&#8220;center&#8220; enable_parallax=&#8220;false&#8220; parallax_speed=&#8220;0.3&#8243; padding_top=&#8220;100&#8243; padding_bottom=&#8220;100&#8243; bg_image=&#8220;15285&#8243;][vc_column width=&#8220;1\/2&#8243;][vc_column_text]<\/p>\n<h1>Das Institut<span style=\"font-size: 14px;\"><br \/>\nInstitut f\u00fcr Berufliche Weiterbildung<\/span><\/h1>\n<p>[\/vc_column_text]<div  class=\"kleo-gap\" style=\"height:5px;line-height:5px;\"><\/div>[vc_column_text]Merimna Institut ist ein modernes Trainingszentrum, das mit den neuesten Einrichtungen ausgestattet ist, in einem state-of-the-art Raum von hoher \u00c4sthetik.<\/p>\n<p>Es geht um einen einzigartigen Ort in der Hauptstadt Griechenlands, Athen, wo die modernen Einrichtungen und das gut ausgebildete Personal den Standards f\u00fcr Ausbildung von hoher Qualit\u00e4t entsprechen.<\/p>\n<p><em><br \/>\n&#8222;In Zusammenarbeit mit den f\u00fchrenden Bildungseinrichtungen und den namhaftesten Ausbildern versuchen wir einen Unterschied in st\u00e4ndige Weiterbildung zu bewirken.&#8220;<\/em><\/p>\n<p>Nakas Nikolaos &#8211; DDS, CEO MERIMNA Institute, NYU &#8211; College of Dentistry Greece Program Leader[\/vc_column_text]<div  class=\"kleo-gap\" style=\"height:15px;line-height:15px;\"><\/div>[vc_single_image image=&#8220;2975&#8243; img_size=&#8220;279&#215;55&#8243; animation=&#8220;animate-when-visible&#8220; css_animation=&#8220;el-fade&#8220;]<div  class=\"kleo-gap\" style=\"height:5px;line-height:5px;\"><\/div>[vc_row_inner][vc_column_inner width=&#8220;1\/3&#8243;][vc_single_image image=&#8220;2785&#8243; img_size=&#8220;400&#215;400&#8243; animation=&#8220;animate-when-visible&#8220; css_animation=&#8220;el-fade&#8220;][vc_column_text]<span style=\"color: #ffffff;\">Nakas Nikolaos DDS<\/span><br \/>\n<span style=\"color: #ffffff; font-size: 10px;\">CEO MERIMNA INSTITUTE,<br \/>\nNYU \u2013 College of Dentistry<br \/>\nGreece Program Leader<\/span>[\/vc_column_text][\/vc_column_inner][vc_column_inner width=&#8220;1\/3&#8243;][\/vc_column_inner][vc_column_inner width=&#8220;1\/3&#8243;][\/vc_column_inner][\/vc_row_inner][\/vc_column][vc_column width=&#8220;1\/2&#8243;][\/vc_column][\/vc_row][vc_row padding_bottom=&#8220;70&#8243;][vc_column width=&#8220;1\/3&#8243;][vc_column_text]<\/p>\n<h2 style=\"text-align: left;\">Unsere Philosophie<\/h2>\n<p>[\/vc_column_text][vc_column_text]Merimna Institut hat eine einfache Grundidee und einen grundlegenden Zweck: den Bed\u00fcrfnisse aller sich an uns richtenden Interessanten nachzukommen.<\/p>\n<p>Die Spezialisierung, die Professionalit\u00e4t, die Konsequenz, das Verantwortungsbewusstsein, die Organisation, die st\u00e4ndige Suche nach aktuelle Entwicklungen und die Information \u00fcber diese, sowie die Flexibilit\u00e4t je nach den Bed\u00fcrfnissen des einzelnen Teilnehmers sind alle Bestandteile des Merimna Instituts.<\/p>\n<p>Unser Beharren auf die hervorragenden Ergebnisse geht nicht nur von unserer Philosophie, sondern auch von dem Bewusstsein aus, dass der Erfolg des Instituts proportional zum Erfolg unserer T\u00e4tigkeiten ist.<\/p>\n<p>Jede Herausforderung f\u00fcr uns ist auch eine Herausforderung auf Sie! Es geht um eine Aufforderung in einer Welt, wo Sie die Hauptpersonen sind! Dies ist unsere Philosophie![\/vc_column_text][\/vc_column][vc_column width=&#8220;2\/3&#8243;][vc_tta_accordion][vc_tta_section title=&#8220;Der Zweck des Instituts&#8220; tab_id=&#8220;1442085363505-aa92707e-f911&#8243;][vc_column_text]Der Zweck des Merimna Instituts ist es, qualitativ hochwertige Dienstleistungen f\u00fcr die Durchf\u00fchrung von Konferenzen und wissenschaftlichen Veranstaltungen zu bieten. Insbesondere:<\/p>\n<p>\u2022 \u00a0Durchf\u00fchrung von Konferenzen und Kongressen<br \/>\n\u2022 \u00a0Durchf\u00fchrung von Trainings- und Bildungsseminare<br \/>\n\u2022 \u00a0Durchf\u00fchrung von umfassenden Postgraduiertenprogrammen in Kooperation mit ausgezeichneten ausl\u00e4ndischen Universit\u00e4ten.<br \/>\n\u2022 \u00a0Dienstleistungen f\u00fcr Dritte f\u00fcr eine umfassende Durchf\u00fchrung von ihrer Veranstaltungen.<\/p>\n<p>Unser Unternehmen richtet sich an:<\/p>\n<p>Wissenschaftler, die viel von neuen innovativen Methoden der lebenslangen Ausbildung halten.<br \/>\nUnternehmen, die anerkennen, dass die Durchf\u00fchrung ihrer Veranstaltungen hochwertigen Dienstleistungen, sowohl aus \u00e4sthetischer Sicht, als auch bez\u00fcglich der notwendigen Ausr\u00fcstung, ben\u00f6tigt.<\/p>\n<p>[\/vc_column_text][\/vc_tta_section][vc_tta_section title=&#8220;Einrichtungen&#8220; tab_id=&#8220;1442085363646-c27a0390-1d61&#8243;][vc_column_text]Die modernen Einrichtungen des Merimna Instituts, sowie unser hervorragend ausgebildetes Personal sind die grundlegenden Voraussetzungen f\u00fcr Dienstleistungen von hoher Qualit\u00e4t.<\/p>\n<p>Merimna Institut liegt in Agios Dimitrios (Boulevard Vouliagmeni, Nr. 272A), Athen. Es geht um einen funktionellen, \u00e4sthetisch aufgewerteten Raum, der die idealen Bedingungen im Interesse Ihrer Bed\u00fcrfnisse bietet. Es stellt ein der am besten ausgestatteten Bildungsinstituten dar, wo eine gro\u00dfe Anzahl von Seminare j\u00e4hrlich durchgef\u00fchrt werden.[\/vc_column_text][\/vc_tta_section][vc_tta_section title=&#8220;Ausr\u00fcstung&#8220; tab_id=&#8220;1442085519522-10e51f90-f486&#8243;][vc_column_text]W\u00e4hlen Sie das Merimna Institut f\u00fcr die Durchf\u00fchrung Ihrer Veranstaltungen, dann bieten wir Ihnen kostenlos die folgende audiovisuelle Ausr\u00fcstung an:<\/p>\n<p>\u2022 \u00a0Klanginstallation<br \/>\n\u2022 \u00a0Projektionswand<br \/>\n\u2022 \u00a0Plexiglas Rednerpult<br \/>\n\u2022 \u00a0Rednerpult &#8211; Mikrofon<br \/>\n\u2022 \u00a0Drahtlose Handmikrofon<br \/>\n\u2022 \u00a0Drahtlose Ansteckmikrofon<br \/>\n\u2022 \u00a0Videoprojektor 3000 Ansi<br \/>\n\u2022 \u00a0Laptop<br \/>\n\u2022 \u00a0Drahtlose Internet<br \/>\n\u2022 \u00a0Flipchart<br \/>\n\u2022 \u00a0\u00dcbersetzerkabine[\/vc_column_text][\/vc_tta_section][vc_tta_section title=&#8220;Dienstleistungen&#8220; tab_id=&#8220;1442085535312-081ef315-3341&#8243;][vc_column_text]Im Benehmen mit den Leitern des Instituts bieten wir Ihnen Online-Verbindung an, damit Sie eine Operation live \u00fcbertragen k\u00f6nnen. Au\u00dferdem bieten wir Ihnen Telekonferenz \u00fcberall in der Welt.<\/p>\n<p>Die Partner des Instituts haben immer Vorschl\u00e4gen f\u00fcr leckere Koffeepausen und Mitagessen, welche Ihre h\u00f6chsten Erwartungen erf\u00fcllen werden.<\/p>\n<p>F\u00fcr weitere Informationen \u00fcber Men\u00fcs wenden Sie sich an uns und wir helfen Ihnen gern, die am besten passenden Men\u00fcs auszuw\u00e4hlen.[\/vc_column_text][\/vc_tta_section][\/vc_tta_accordion][\/vc_column][\/vc_row][vc_row equal_height=&#8220;yes&#8220; content_placement=&#8220;middle&#8220; text_align=&#8220;center&#8220; text_color=&#8220;#ffffff&#8220; type=&#8220;color&#8220; bg_color=&#8220;#0b254a&#8220; vertical_align=&#8220;yes&#8220; padding_top=&#8220;70&#8243; padding_bottom=&#8220;70&#8243; min_height=&#8220;&#8220;][vc_column width=&#8220;2\/3&#8243; css=&#8220;.vc_custom_1440816839683{padding-top: 0px !important;padding-right: 10px !important;padding-bottom: 0px !important;padding-left: 10px !important;}&#8220;][vc_column_text css=&#8220;.vc_custom_1460891664655{padding-right: 25px !important;padding-left: 25px !important;}&#8220;]<\/p>\n<h3 style=\"text-align: left;\"><a href=\"https:\/\/merimnaseminars.gr\/de\/cpd-certification-member\/\">Merimna Institute | CPD Certificated Member<\/a><\/h3>\n<p style=\"text-align: left;\">The CPD Certification Service was established in 1996 as the leading independent CPD accreditation institution operating across industry sectors to complement the CPD policies of professional and academic bodies.<\/p>\n<p>[\/vc_column_text][\/vc_column][vc_column width=&#8220;1\/3&#8243; css=&#8220;.vc_custom_1440816910804{padding-top: 0px !important;padding-right: 10px !important;padding-bottom: 0px !important;padding-left: 10px !important;}&#8220;][vc_column_text]<\/p>\n<div style=\"text-align: center; width: 250px; padding: 10px; border: 1px solid #fff;\"><a style=\"line-height: 8px; font-size: 14px; color: #fff;\" title=\"Continuing Dental Education Center Certification\" href=\"http:\/\/merimnaseminars.gr\/en\/merimna-institute-certification\/\" target=\"_self\" rel=\"noopener\">Merimna Institute<br \/>\nLicence Number K.D.B.\u039c. 202168085<br \/>\nHELLENIC MINISTRY OF EDUCATION AND RELIGIOUS AFFAIRS<\/a><\/div>\n<p>[\/vc_column_text][\/vc_column][\/vc_row][vc_row text_align=&#8220;center&#8220; vertical_align=&#8220;yes&#8220; padding_top=&#8220;70&#8243; padding_bottom=&#8220;70&#8243;][vc_column width=&#8220;1\/4&#8243;][vc_column_text font_size=&#8220;13&#8243; css=&#8220;.vc_custom_1442403124110{padding-top: 25px !important;padding-right: 20px !important;padding-bottom: 25px !important;padding-left: 20px !important;}&#8220;]<\/p>\n<h2 style=\"text-align: left;\">Unsere Anlagen<\/h2>\n<p style=\"text-align: left;\">Unser Raum ist bei Schultyp der 40 Personen und bei Theatertyp der 80 Personen verf\u00fcgbar.<\/p>\n<p style=\"text-align: left;\">Das Institut liegt an einem zug\u00e4nglichen Ort, gleich neben der Metrostation von Agios Dimitrios. Der Raum von Merimna bietet Ihnen die ideale Bedingungen im Interesse Ihrer Bed\u00fcrfnisse an, w\u00e4hrend unser Team immer zur Ihrer Verf\u00fcgung steht, um den Erfolg Ihrer Veranstaltungen zu gew\u00e4hrleisten.<\/p>\n<p>[\/vc_column_text][\/vc_column][vc_column width=&#8220;3\/4&#8243;][vc_gallery type=&#8220;grid&#8220; images=&#8220;2806,2811,2805,2807,2814,2815,2820,2821,2818,2817,2812,2816&#8243; grid_number=&#8220;5&#8243; gap=&#8220;large&#8220;][\/vc_column][\/vc_row][vc_row equal_height=&#8220;yes&#8220; content_placement=&#8220;middle&#8220; padding_bottom=&#8220;100&#8243;][vc_column width=&#8220;2\/3&#8243;][vc_single_image image=&#8220;15349&#8243; img_size=&#8220;full&#8220; animation=&#8220;animate-when-almost-visible&#8220; css_animation=&#8220;left-to-right&#8220;][\/vc_column][vc_column width=&#8220;1\/3&#8243;]<a class=\"btn btn-primary btn-xl\" href=\"https:\/\/merimnaseminars.gr\/de\/iso-certifications\/\">ISO Certifications<\/a>[\/vc_column][\/vc_row]<\/p>\n<\/div>","protected":false},"excerpt":{"rendered":"<p>[vc_row text_color=&#8220;#ffffff&#8220; type=&#8220;image&#8220; bg_position=&#8220;center&#8220; bg_position_horizontal=&#8220;center&#8220; enable_parallax=&#8220;false&#8220; parallax_speed=&#8220;0.3&#8243; padding_top=&#8220;100&#8243; padding_bottom=&#8220;100&#8243; bg_image=&#8220;15285&#8243;][vc_column width=&#8220;1\/2&#8243;][vc_column_text] Das Institut Institut f\u00fcr Berufliche Weiterbildung [\/vc_column_text][vc_column_text]Merimna Institut ist ein modernes Trainingszentrum, das mit den neuesten Einrichtungen ausgestattet ist, in einem state-of-the-art Raum von hoher \u00c4sthetik. Es geht um einen einzigartigen Ort in der Hauptstadt Griechenlands, Athen, wo die modernen Einrichtungen und das gut ausgebildete Personal den Standards f\u00fcr [&hellip;]<\/p>\n","protected":false},"author":1,"featured_media":0,"parent":0,"menu_order":0,"comment_status":"closed","ping_status":"closed","template":"page-templates\/full-width.php","meta":{"inline_featured_image":false,"footnotes":""},"class_list":["post-3876","page","type-page","status-publish","hentry"],"_links":{"self":[{"href":"https:\/\/merimnaseminars.gr\/de\/wp-json\/wp\/v2\/pages\/3876","targetHints":{"allow":["GET"]}}],"collection":[{"href":"https:\/\/merimnaseminars.gr\/de\/wp-json\/wp\/v2\/pages"}],"about":[{"href":"https:\/\/merimnaseminars.gr\/de\/wp-json\/wp\/v2\/types\/page"}],"author":[{"embeddable":true,"href":"https:\/\/merimnaseminars.gr\/de\/wp-json\/wp\/v2\/users\/1"}],"replies":[{"embeddable":true,"href":"https:\/\/merimnaseminars.gr\/de\/wp-json\/wp\/v2\/comments?post=3876"}],"version-history":[{"count":0,"href":"https:\/\/merimnaseminars.gr\/de\/wp-json\/wp\/v2\/pages\/3876\/revisions"}],"wp:attachment":[{"href":"https:\/\/merimnaseminars.gr\/de\/wp-json\/wp\/v2\/media?parent=3876"}],"curies":[{"name":"wp","href":"https:\/\/api.w.org\/{rel}","templated":true}]}}