{"id":3897,"date":"2015-09-12T17:45:38","date_gmt":"2015-09-12T14:45:38","guid":{"rendered":"http:\/\/merimnaseminars.gr\/?page_id=3897"},"modified":"2015-09-17T13:36:53","modified_gmt":"2015-09-17T13:36:53","slug":"aalz-greece","status":"publish","type":"page","link":"https:\/\/merimnaseminars.gr\/de\/aalz-greece\/","title":{"rendered":"AALZ Greece"},"content":{"rendered":"<div class=\"wpb-content-wrapper\"><p>[vc_row][vc_column width=&#8220;1\/4&#8243;][vc_column_text]<\/p>\n<h1>Aachen Center for Laser Dentistry<\/h1>\n<h3>University of Excellence RWTH Aachen<\/h3>\n<p>[\/vc_column_text][\/vc_column][vc_column width=&#8220;1\/2&#8243;][vc_column_text]<img loading=\"lazy\" decoding=\"async\" class=\"alignnone size-full wp-image-2931\" src=\"http:\/\/merimnaseminars.gr\/wp-content\/uploads\/2015\/09\/aazl5.jpg\" alt=\"aazl5\" width=\"902\" height=\"60\" srcset=\"https:\/\/merimnaseminars.gr\/wp-content\/uploads\/2015\/09\/aazl5.jpg 902w, https:\/\/merimnaseminars.gr\/wp-content\/uploads\/2015\/09\/aazl5-300x20.jpg 300w, https:\/\/merimnaseminars.gr\/wp-content\/uploads\/2015\/09\/aazl5-672x45.jpg 672w, https:\/\/merimnaseminars.gr\/wp-content\/uploads\/2015\/09\/aazl5-480x31.jpg 480w\" sizes=\"auto, (max-width: 902px) 100vw, 902px\" \/><\/p>\n<p><strong>Das AALZ Greece<\/strong>, das ein Institut f\u00fcr dentale Laserausbildung darstellt, gibt die Einleitung eines neuen Einjahresprogramms, das im Merimna Institut im Jahr 2014\/15 stattfindet, bekannt.<\/p>\n<p>In diesem Jahrf\u00fcnft seines Betriebs veranstaltete AALZ zw\u00f6lf anerkannte Lasersicherheitskurse (<strong>LaserSafetyOfficerCourses<\/strong>) und Seminare f\u00fcr Diodenlaser, sowie vier Einjahresprogramme (<strong>Mastership\/FellowshipCourse<\/strong>) im Bereich der dentalen Laserausbildung.<\/p>\n<p>In Zusammenarbeit mit RWTH Universit\u00e4t Aachen bietet das Institut AALZ Greece zugelassene und anerkannte von der EU Ausbildungsprogramme im Bereich der Lasermedizin. Als wissenschaftlicher Direktor der Programme fungiert Prof. Norbert Gutknecht.[\/vc_column_text][vc_column_text]<img loading=\"lazy\" decoding=\"async\" class=\"alignnone size-full wp-image-2932\" src=\"http:\/\/merimnaseminars.gr\/wp-content\/uploads\/2015\/09\/aalz-3.jpg\" alt=\"aalz-3\" width=\"902\" height=\"154\" srcset=\"https:\/\/merimnaseminars.gr\/wp-content\/uploads\/2015\/09\/aalz-3.jpg 902w, https:\/\/merimnaseminars.gr\/wp-content\/uploads\/2015\/09\/aalz-3-300x51.jpg 300w, https:\/\/merimnaseminars.gr\/wp-content\/uploads\/2015\/09\/aalz-3-672x115.jpg 672w\" sizes=\"auto, (max-width: 902px) 100vw, 902px\" \/><\/p>\n<p>Im Rahmen dieses Programms dringt der Zahnarzt in die Laserphysik, in ihre sichere und sachgem\u00e4\u00dfe klinische Verwendung, sowie in ihre wissenschaftlich gerechtfertigen Angaben ein. Die Programme dauern 12 Arbeitstage, in vier Modulen geteilt. Die Studierenden bleiben in Kontakt mit der Universit\u00e4t und den Lehrern durch eine Internetplattform.<\/p>\n<p>Dieses Programm richtet sich an Zahn\u00e4rzten, die sich auf ausgew\u00e4hlte Wellenl\u00e4ngen spezialisieren m\u00f6chten. Innerhalb des Jahres bekommen die Studierenden das grundlegende materielle und technische Wissen, das notwendig f\u00fcr das gr\u00fcndliche Verst\u00e4ndnis des Subjekts ist, gelehrt. Das Programm dauert 12 Arbeitstage mit Anwesenheitspflicht und ist in vier Aspekte geteilt.<\/p>\n<p><strong>Die folgende Wellenl\u00e4ngen werden unterrichtet:<\/strong><br \/>\n1. Er:YAG und Er,Cr:YSGG<br \/>\n2. Diodenlaser mit hoher und geringer (LLLT) Leistung, Photodynamik.<br \/>\n3. Laserbehandlung (PDT) und Diagnoselaser.<br \/>\n4. Nd:YAG laser[\/vc_column_text][\/vc_column][vc_column width=&#8220;1\/4&#8243;]<div  class=\"kleo-gap\" style=\"height:15px;line-height:15px;\"><\/div><a href=\"https:\/\/www.youtube.com\/watch?v=H18eolP6PjE\" class=\"cq-videocover-lightbox\" data-lightbox-gallery=\"\" data-videowidth=\"\" title=\"\" target=\"_blank\" rel=\"noopener\"><div class=\"cq-videocover \" data-iconsize=\"\" data-iconbgsize=\"\" data-iconcolor=\"\" data-iconbgcolor=\"\" data-tooltip=\"\" data-iconposition=\"center\"><img decoding=\"async\" src=\"https:\/\/merimnaseminars.gr\/wp-content\/uploads\/2015\/09\/aazl.jpg\" alt=\"\" class=\"cq-videocover-img square\"  \/><\/div><\/a><div  class=\"kleo-gap\" style=\"height:15px;line-height:15px;\"><\/div>[vc_column_text]<a class=\"btn btn-default\" href=\"http:\/\/merimnaseminars.gr\/wp-content\/uploads\/2015\/09\/FLyer_Mastership_EN_2011.pdf\" target=\"_blank\">Info Brochure<\/a><\/p>\n<p><a class=\"btn btn-primary\" href=\"http:\/\/aalz.gr\/el\/home\" target=\"_blank\" rel=\"noopener\">AALZ Website<\/a>[\/vc_column_text][\/vc_column][\/vc_row]<\/p>\n<\/div>","protected":false},"excerpt":{"rendered":"<p>[vc_row][vc_column width=&#8220;1\/4&#8243;][vc_column_text] Aachen Center for Laser Dentistry University of Excellence RWTH Aachen [\/vc_column_text][\/vc_column][vc_column width=&#8220;1\/2&#8243;][vc_column_text] Das AALZ Greece, das ein Institut f\u00fcr dentale Laserausbildung darstellt, gibt die Einleitung eines neuen Einjahresprogramms, das im Merimna Institut im Jahr 2014\/15 stattfindet, bekannt. In diesem Jahrf\u00fcnft seines Betriebs veranstaltete AALZ zw\u00f6lf anerkannte Lasersicherheitskurse (LaserSafetyOfficerCourses) und Seminare f\u00fcr Diodenlaser, sowie vier Einjahresprogramme (Mastership\/FellowshipCourse) im Bereich [&hellip;]<\/p>\n","protected":false},"author":1,"featured_media":0,"parent":0,"menu_order":0,"comment_status":"closed","ping_status":"closed","template":"page-templates\/full-width.php","meta":{"inline_featured_image":false,"footnotes":""},"class_list":["post-3897","page","type-page","status-publish","hentry"],"_links":{"self":[{"href":"https:\/\/merimnaseminars.gr\/de\/wp-json\/wp\/v2\/pages\/3897","targetHints":{"allow":["GET"]}}],"collection":[{"href":"https:\/\/merimnaseminars.gr\/de\/wp-json\/wp\/v2\/pages"}],"about":[{"href":"https:\/\/merimnaseminars.gr\/de\/wp-json\/wp\/v2\/types\/page"}],"author":[{"embeddable":true,"href":"https:\/\/merimnaseminars.gr\/de\/wp-json\/wp\/v2\/users\/1"}],"replies":[{"embeddable":true,"href":"https:\/\/merimnaseminars.gr\/de\/wp-json\/wp\/v2\/comments?post=3897"}],"version-history":[{"count":0,"href":"https:\/\/merimnaseminars.gr\/de\/wp-json\/wp\/v2\/pages\/3897\/revisions"}],"wp:attachment":[{"href":"https:\/\/merimnaseminars.gr\/de\/wp-json\/wp\/v2\/media?parent=3897"}],"curies":[{"name":"wp","href":"https:\/\/api.w.org\/{rel}","templated":true}]}}