{"id":3909,"date":"2015-09-12T17:00:06","date_gmt":"2015-09-12T14:00:06","guid":{"rendered":"http:\/\/merimnaseminars.gr\/?page_id=3909"},"modified":"2025-04-04T16:03:40","modified_gmt":"2025-04-04T13:03:40","slug":"nyu-college-of-dentistry","status":"publish","type":"page","link":"https:\/\/merimnaseminars.gr\/de\/nyu-college-of-dentistry\/","title":{"rendered":"NYU College of Dentistry"},"content":{"rendered":"<div class=\"wpb-content-wrapper\"><p>[vc_row padding_top=&#8220;50&#8243; padding_bottom=&#8220;50&#8243;][vc_column width=&#8220;1\/4&#8243;][vc_column_text]<\/p>\n<h1>NYU | DENTISTRY<\/h1>\n<h3>Current Concepts in American Dentistry<\/h3>\n<p>Das Bildungsprogramm umfasst wissenschaftlichen Seminare, Laborvorf\u00fchrungen und, nat\u00fcrlich, klinische Beobachtungen in der Praxis.[\/vc_column_text][\/vc_column][vc_column width=&#8220;1\/2&#8243;][vc_column_text]<img loading=\"lazy\" decoding=\"async\" class=\"alignnone size-full wp-image-2902\" src=\"http:\/\/merimnaseminars.gr\/wp-content\/uploads\/2015\/09\/nyu-dentistry.jpg\" alt=\"nyu-dentistry\" width=\"902\" height=\"60\" srcset=\"https:\/\/merimnaseminars.gr\/wp-content\/uploads\/2015\/09\/nyu-dentistry.jpg 902w, https:\/\/merimnaseminars.gr\/wp-content\/uploads\/2015\/09\/nyu-dentistry-300x20.jpg 300w, https:\/\/merimnaseminars.gr\/wp-content\/uploads\/2015\/09\/nyu-dentistry-672x45.jpg 672w, https:\/\/merimnaseminars.gr\/wp-content\/uploads\/2015\/09\/nyu-dentistry-480x31.jpg 480w\" sizes=\"auto, (max-width: 902px) 100vw, 902px\" \/><\/p>\n<p>Das internationale Programm \u201cCurrent Concepts in American Dentistry\u201d wurde im Jahre 1981 durch das Center for Continuing Dental Education Programs des NYU College of Dentistry eingerichtet. Derzeit z\u00e4hlt es \u00fcber 3800 Alumni aus 27 L\u00e4ndern weltweit. Diese ausgew\u00e4hlten Bildungsprogramme richten sich an Zahn\u00e4rzten au\u00dferhalb von USA und bieten detaillierte Fachkenntnisse in verschiedenen Spezialgebieten der Zahnmedizin. Der Lehrk\u00f6rper besteht aus Dozenten und Alumni des NYU College of Dentistry, Dozenten aus anderen Universit\u00e4ten der USA, sowie Zahn\u00e4rzte. Das Studienprogramm passt sich den Bed\u00fcrfnissen der Teilnehmer, im Absprache mit dem Assistant Dean for Continuing Education, an. Dieses internationale Programm wird derzeit in den folgenden L\u00e4ndern durchgef\u00fchrt: Brasilien, Kolumbien, Ecuador, Frankreich, Deutschland, Griechenland, Indien, Indonesien, Italien, Japan, Korea, Mexiko, Niederlande, Portugal, Spanien und Taiwan.[\/vc_column_text][vc_row_inner][vc_column_inner][vc_single_image image=&#8220;21231&#8243; img_size=&#8220;full&#8220; alignment=&#8220;center&#8220; onclick=&#8220;link_image&#8220; css=&#8220;&#8220; full_width=&#8220;yes&#8220; box_shadow=&#8220;zoom&#8220;][\/vc_column_inner][\/vc_row_inner][vc_column_text]Das Bildungsprogramm umfasst wissenschaftlichen Seminare, Laborvorf\u00fchrungen und, nat\u00fcrlich, klinische Beobachtungen in der Praxis. Dar\u00fcber hinaus m\u00fcssen die Teilnehmer sowohl einen schriftlichen Bericht, als auch zwei (2) klinische F\u00e4lle, die in ihrer Privatpraxis bearbeitet haben, vorlegen. Alle Programme sind auf Englisch verf\u00fcgbar; falls notwendig, wird ein \u00dcbersetzer zu Ihrer Verf\u00fcgung gestellt.[\/vc_column_text][\/vc_column][vc_column width=&#8220;1\/4&#8243;][vc_column_text]<a href=\"http:\/\/dental.nyu.edu\/ce\/international.html\" target=\"_blank\" rel=\"noopener\"><img loading=\"lazy\" decoding=\"async\" class=\"alignnone size-full wp-image-10675\" src=\"http:\/\/merimnaseminars.gr\/wp-content\/uploads\/2018\/06\/nyu.jpg\" alt=\"NYU Dentistry\" width=\"320\" height=\"428\" srcset=\"https:\/\/merimnaseminars.gr\/wp-content\/uploads\/2018\/06\/nyu.jpg 320w, https:\/\/merimnaseminars.gr\/wp-content\/uploads\/2018\/06\/nyu-224x300.jpg 224w\" sizes=\"auto, (max-width: 320px) 100vw, 320px\" \/><\/a>[\/vc_column_text][vc_column_text]<b>Contact info<\/b><\/p>\n<p>H. Kendall Beacham (MBA)<br \/>\nAssistant Dean for Continuing Education<br \/>\n345 East 24th Street,<br \/>\nNew York, NY 10010<br \/>\nTelephone:+212-998-9771,<br \/>\nFax:+212-995-4084<\/p>\n<p><a class=\"btn btn-primary\" href=\"https:\/\/dental.nyu.edu\/ce\/cde\/international.html\" target=\"_blank\" rel=\"noopener\">NYU Website<\/a>[\/vc_column_text][\/vc_column][\/vc_row]<\/p>\n<\/div>","protected":false},"excerpt":{"rendered":"<p>[vc_row padding_top=&#8220;50&#8243; padding_bottom=&#8220;50&#8243;][vc_column width=&#8220;1\/4&#8243;][vc_column_text] NYU | DENTISTRY Current Concepts in American Dentistry Das Bildungsprogramm umfasst wissenschaftlichen Seminare, Laborvorf\u00fchrungen und, nat\u00fcrlich, klinische Beobachtungen in der Praxis.[\/vc_column_text][\/vc_column][vc_column width=&#8220;1\/2&#8243;][vc_column_text] Das internationale Programm \u201cCurrent Concepts in American Dentistry\u201d wurde im Jahre 1981 durch das Center for Continuing Dental Education Programs des NYU College of Dentistry eingerichtet. Derzeit z\u00e4hlt es \u00fcber 3800 Alumni aus 27 [&hellip;]<\/p>\n","protected":false},"author":1,"featured_media":0,"parent":0,"menu_order":0,"comment_status":"closed","ping_status":"closed","template":"page-templates\/full-width.php","meta":{"inline_featured_image":false,"footnotes":""},"class_list":["post-3909","page","type-page","status-publish","hentry"],"_links":{"self":[{"href":"https:\/\/merimnaseminars.gr\/de\/wp-json\/wp\/v2\/pages\/3909","targetHints":{"allow":["GET"]}}],"collection":[{"href":"https:\/\/merimnaseminars.gr\/de\/wp-json\/wp\/v2\/pages"}],"about":[{"href":"https:\/\/merimnaseminars.gr\/de\/wp-json\/wp\/v2\/types\/page"}],"author":[{"embeddable":true,"href":"https:\/\/merimnaseminars.gr\/de\/wp-json\/wp\/v2\/users\/1"}],"replies":[{"embeddable":true,"href":"https:\/\/merimnaseminars.gr\/de\/wp-json\/wp\/v2\/comments?post=3909"}],"version-history":[{"count":0,"href":"https:\/\/merimnaseminars.gr\/de\/wp-json\/wp\/v2\/pages\/3909\/revisions"}],"wp:attachment":[{"href":"https:\/\/merimnaseminars.gr\/de\/wp-json\/wp\/v2\/media?parent=3909"}],"curies":[{"name":"wp","href":"https:\/\/api.w.org\/{rel}","templated":true}]}}