{"id":3918,"date":"2015-09-12T17:28:03","date_gmt":"2015-09-12T14:28:03","guid":{"rendered":"http:\/\/merimnaseminars.gr\/?page_id=3918"},"modified":"2024-09-06T12:28:50","modified_gmt":"2024-09-06T09:28:50","slug":"ucl-eastman-dental-institute","status":"publish","type":"page","link":"https:\/\/merimnaseminars.gr\/de\/ucl-eastman-dental-institute\/","title":{"rendered":"UCL Eastman Dental Institute"},"content":{"rendered":"<div class=\"wpb-content-wrapper\"><p>[vc_row padding_top=&#8220;55&#8243; padding_bottom=&#8220;55&#8243;][vc_column width=&#8220;1\/4&#8243;][vc_column_text]<\/p>\n<h2 style=\"text-align: left;\">UCL Eastman Dental Institute<\/h2>\n<p>Continuing Professional Development[\/vc_column_text][vc_column_text]<\/p>\n<p style=\"text-align: left;\">Mit \u00fcber 50 Jahren Erfahrung ist Eastman Dental Institute ein F\u00fchrer in wissenschaftliche Ausbildung und Forschung im Bereiche der Mundgesundheitspflege. Das Institut entspricht den Bed\u00fcrfnissen der \u00f6rtlichen, nationalen und internationalen Gemeinschaft. Die meiste klinische Unterrichte finden in den Klinikern von Eastman Dental Hospital statt.<\/p>\n<p>[\/vc_column_text][\/vc_column][vc_column width=&#8220;1\/2&#8243;][vc_column_text]<img loading=\"lazy\" decoding=\"async\" class=\"alignnone size-full wp-image-2919\" src=\"http:\/\/merimnaseminars.gr\/wp-content\/uploads\/2015\/09\/ucl-dentistry.jpg\" alt=\"ucl-dentistry\" width=\"902\" height=\"60\" srcset=\"https:\/\/merimnaseminars.gr\/wp-content\/uploads\/2015\/09\/ucl-dentistry.jpg 902w, https:\/\/merimnaseminars.gr\/wp-content\/uploads\/2015\/09\/ucl-dentistry-300x20.jpg 300w, https:\/\/merimnaseminars.gr\/wp-content\/uploads\/2015\/09\/ucl-dentistry-672x45.jpg 672w\" sizes=\"auto, (max-width: 902px) 100vw, 902px\" \/>UCL Eastman Dental Institute der Universit\u00e4t London stellt das gr\u00f6\u00dfte Zentrum f\u00fcr Postgraduiertenstudieng\u00e4nge Europas im Bereich der Zahnmedizin. Das Zentrum bildet derzeit etwa 13,000 Zahn\u00e4rzte und zahnmedizinische Assistenten aus.<br \/>\nAu\u00dferdem ist es die erste Fakult\u00e4t, die mit dem Queens Anniversary Prize for Higher and Further Education ausgeziechnet wurde.<br \/>\nDie international bekannten Professoren des Instituts f\u00fchren ein innovatives Forschungsprojekt im Bereiche der Biomaterialien, Mikrobiologie und Geweberegeneration. Deshalb stellt das Institut Masterprogramme in Fachgebieten der Zahnmedizin zur Verf\u00fcgung.[\/vc_column_text][vc_column_text]<strong>\u00dcberblick<\/strong><\/p>\n<p>Das Personal des Instituts umfasst hervorragenden Klinikern, Lehrer und Wissenschaftler, viele von denen mit internationalen, europ\u00e4ischen und nationalen Organisationen aktiv zusammenarbeiten. Zus\u00e4tzlich sind viele von ihnen Redakteure bekannter zahn\u00e4rztlichen Zeitschriften und Verfasser wissenschaftlicher Artikel und Schriftwerke, sowie Pr\u00fcfer in verschiedenen Royal Colleges.<br \/>\nEastman arbeitet mit anderen Universit\u00e4ten, wie z.B. mit dem Royal College of Surgeons, nicht nur aus England, sondern auch aus dem Ausland, zusammen. Die Investitionen in Einrichtungen, die unl\u00e4ngst get\u00e4tigt wurden, zielen auf die Verbesserung von der Lehre, Forschung und klinische Pflege.<br \/>\n[\/vc_column_text][vc_video link=&#8220;https:\/\/youtu.be\/SmEztDwgt0Q&#8220; css=&#8220;&#8220;][vc_column_text]Das Informations- und das Medienzentrum sind erweitert und renoviert, sowie mit den modernsten Computern, Teledentistry und Videokonferenzen ausgestattet worden. Das Institut ist ber\u00fchmt f\u00fcr seine innovative, qualitativ hochwertige Lehre, sowohl in den Master-Abschl\u00fcssen, als auch in die berufliche Weiterbildung. Die modernsten Informationstechnologien und Lehrmethoden, wie z.B. computergest\u00fctzten Lernprogramme, Fernunterrichte und Informatik, sind verf\u00fcgbar.<\/p>\n<p>Das Institut verf\u00fcgt die besten Forschungslaboratorien, die auf die molekulare Diagnostik von oralen Erkrankungen und die zahn\u00e4rztlichen Dienstleistungen zielen.<\/p>\n<p>Das Institut ist der Haupttr\u00e4ger der Entwicklung von neuen Fachrichtungen, wie orale Diagnostik, Laserbehandlungen und zahn\u00e4rztlichen Materialien. Au\u00dferdem verf\u00fcgt es einzigartige Spezialeinheiten, wie zahn\u00e4rztliche Informatik und Zahnmedizin f\u00fcr Menschen mit besonderen Bed\u00fcrfnissen.<\/p>\n<p>Durch eine Reihe von flexiblen, anerkannte von der Universit\u00e4t Programme, welche in state-of-the-art Einrichtungen durchgef\u00fchrt werden, versucht Eastman Dental Institute eine gr\u00f6\u00dfere Beteiligung und Zugang zu der Weiterbildung der Zahn\u00e4rzten zu erwerben.<\/p>\n<p>Mit dokumentarischen Bildungsprogramme von kurzer Dauer ermutigt Eastman Continuing Professional Development einen strukturierten und progressiven Ansatz zu lebenslangen Lernen, damit alle Mitglieder der zahn\u00e4rztlichen Gruppen sich \u00fcber neuen Methoden st\u00e4ndig informieren lassen.[\/vc_column_text][\/vc_column][vc_column width=&#8220;1\/4&#8243;][vc_column_text css=&#8220;&#8220;]<b>Contact info<\/b><\/p>\n<p>University College London,<br \/>\nGower Street, London, WC1E 6BT<br \/>\nTel: +44 (0) 20 7679 2000<\/p>\n<p><a class=\"btn btn-primary\" href=\"http:\/\/www.ucl.ac.uk\/eastman\/cpd\" target=\"_blank\" rel=\"noopener\">UCL Website<\/a>[\/vc_column_text]<a href=\"https:\/\/www.youtube.com\/watch?v=02ozwXM4CK0&amp;feature=youtu.be\" class=\"cq-videocover-lightbox\" data-lightbox-gallery=\"\" data-videowidth=\"\" title=\"\" target=\"_blank\" rel=\"noopener\"><div class=\"cq-videocover \" data-iconsize=\"\" data-iconbgsize=\"\" data-iconcolor=\"\" data-iconbgcolor=\"\" data-tooltip=\"\" data-iconposition=\"center\"><img decoding=\"async\" src=\"https:\/\/merimnaseminars.gr\/wp-content\/uploads\/2015\/09\/eastman.jpg\" alt=\"\" class=\"cq-videocover-img square\"  \/><\/div><\/a>[\/vc_column][\/vc_row]<\/p>\n<\/div>","protected":false},"excerpt":{"rendered":"<p>[vc_row padding_top=&#8220;55&#8243; padding_bottom=&#8220;55&#8243;][vc_column width=&#8220;1\/4&#8243;][vc_column_text] UCL Eastman Dental Institute Continuing Professional Development[\/vc_column_text][vc_column_text] Mit \u00fcber 50 Jahren Erfahrung ist Eastman Dental Institute ein F\u00fchrer in wissenschaftliche Ausbildung und Forschung im Bereiche der Mundgesundheitspflege. Das Institut entspricht den Bed\u00fcrfnissen der \u00f6rtlichen, nationalen und internationalen Gemeinschaft. Die meiste klinische Unterrichte finden in den Klinikern von Eastman Dental Hospital statt. [\/vc_column_text][\/vc_column][vc_column width=&#8220;1\/2&#8243;][vc_column_text]UCL Eastman Dental Institute [&hellip;]<\/p>\n","protected":false},"author":1,"featured_media":0,"parent":0,"menu_order":0,"comment_status":"closed","ping_status":"closed","template":"page-templates\/full-width.php","meta":{"inline_featured_image":false,"footnotes":""},"class_list":["post-3918","page","type-page","status-publish","hentry"],"_links":{"self":[{"href":"https:\/\/merimnaseminars.gr\/de\/wp-json\/wp\/v2\/pages\/3918","targetHints":{"allow":["GET"]}}],"collection":[{"href":"https:\/\/merimnaseminars.gr\/de\/wp-json\/wp\/v2\/pages"}],"about":[{"href":"https:\/\/merimnaseminars.gr\/de\/wp-json\/wp\/v2\/types\/page"}],"author":[{"embeddable":true,"href":"https:\/\/merimnaseminars.gr\/de\/wp-json\/wp\/v2\/users\/1"}],"replies":[{"embeddable":true,"href":"https:\/\/merimnaseminars.gr\/de\/wp-json\/wp\/v2\/comments?post=3918"}],"version-history":[{"count":0,"href":"https:\/\/merimnaseminars.gr\/de\/wp-json\/wp\/v2\/pages\/3918\/revisions"}],"wp:attachment":[{"href":"https:\/\/merimnaseminars.gr\/de\/wp-json\/wp\/v2\/media?parent=3918"}],"curies":[{"name":"wp","href":"https:\/\/api.w.org\/{rel}","templated":true}]}}