{"id":3851,"date":"2014-02-02T12:15:43","date_gmt":"2014-02-02T10:15:43","guid":{"rendered":"http:\/\/merimnaseminars.gr\/?page_id=3851"},"modified":"2018-03-19T11:10:58","modified_gmt":"2018-03-19T09:10:58","slug":"iletisim","status":"publish","type":"page","link":"https:\/\/merimnaseminars.gr\/tr\/iletisim\/","title":{"rendered":"iletisim"},"content":{"rendered":"<div class=\"wpb-content-wrapper\"><p>[vc_row inner_container=&#8221;no&#8221; padding_top=&#8221;0&#8243; padding_bottom=&#8221;0&#8243;][vc_column][vc_gmaps link=&#8221;https:\/\/www.google.com\/maps\/embed?pb=!1m18!1m12!1m3!1d3146.561095541977!2d23.740418599999995!3d37.9406828!2m3!1f0!2f0!3f0!3m2!1i1024!2i768!4f13.1!3m3!1m2!1s0x14a1bd97f12a22e1%3A0xca1b3dbe7ba17f6a!2zzpzOlc6hzpnOnM6dzpEgzpnOnc6jzqTOmc6kzp_Opc6kzp8gzqPOpc6dzpXOp86fzqXOoyDOlc6gzpHOk86TzpXOm86czpHOpM6ZzprOl86jIM6VzqDOmc6czp_Ooc6mzqnOo86XzqM!5e0!3m2!1sel!2sgr!4v1442089011274&#8243; size=&#8221;250&#8243; type=&#8221;m&#8221; zoom=&#8221;14&#8243;][\/vc_column][\/vc_row][vc_row][vc_column width=&#8221;1\/3&#8243;][vc_column_text]<\/p>\n<h4>\u0130leti\u015fim Bilgileri<\/h4>\n<p><b>MER\u0130MNA ENST\u0130T\u00dcS\u00dc Greece<\/b><br \/>\nS\u00fcrekli Mesleki E\u011fitim Enstit\u00fcs\u00fc<\/p>\n<p>Vouliagmenis cad. No: 272A<br \/>\nAgios Dimitrios, Atina, Greece<br \/>\nPosta Kodu:173 43<br \/>\n(METRO Agios Dimitrios dura\u011f\u0131 )<\/p>\n<p>Telefon: <strong>(+30) 210 9734000 <\/strong><br \/>\nFax: (+30) 210 9734330<\/p>\n<p>E-mail: imerimna@otenet.gr[\/vc_column_text][vc_raw_html]JTNDcCUzRSUzQ2IlM0VGaW5kJTIwVXMlMjBvbiUyMFNvY2lhbCUyME1lZGlhJTNDJTJGYiUzRSUzQyUyRnAlM0UlMEElMEElM0NkaXYlMjBjbGFzcyUzRCUyMmZvb3Rlci1jaHIlMjIlM0UlMEElM0NhJTIwaHJlZiUzRCUyMmh0dHBzJTNBJTJGJTJGd3d3LmZhY2Vib29rLmNvbSUyRk1lcmltbmFJbnN0aXR1dGVjcGQlMkYlMjIlMjB0aXRsZSUzRCUyMkZhY2Vib29rJTIyJTIwdGFyZ2V0JTNEJTIyX2JsYW5rJTIyJTNFJTNDaSUyMCUyMGNsYXNzJTNEJTIyaWNvbi1mYWNlYm9vayUyMiUzRSUzQyUyRmklM0UlM0MlMkZhJTNFJTI2bmJzcCUzQiUyNm5ic3AlM0IlM0NhJTIwaHJlZiUzRCUyMmh0dHBzJTNBJTJGJTJGdmltZW8uY29tJTJGbWVyaW1uYXNlbWluYXJzJTIyJTIwdGl0bGUlM0QlMjJWaW1lbyUyMiUyMHRhcmdldCUzRCUyMl9ibGFuayUyMiUzRSUzQ2klMjAlMjBjbGFzcyUzRCUyMmljb24tdmltZW8tc3F1YXJlZCUyMiUzRSUzQyUyRmklM0UlM0MlMkZhJTNFJTI2bmJzcCUzQiUyNm5ic3AlM0IlM0NhJTIwaHJlZiUzRCUyMmh0dHBzJTNBJTJGJTJGcGx1cy5nb29nbGUuY29tJTJGJTJCTWVyaW1uYXNlbWluYXJzR3IlMjIlMjB0aXRsZSUzRCUyMkdvb2dsZSUyMFBsdXMlMjIlMjB0YXJnZXQlM0QlMjJfYmxhbmslMjIlM0UlM0NpJTIwJTIwY2xhc3MlM0QlMjJpY29uLWdwbHVzJTIyJTNFJTNDJTJGaSUzRSUzQyUyRmElM0UlMjZuYnNwJTNCJTI2bmJzcCUzQiUzQ2ElMjBocmVmJTNEJTIyaHR0cHMlM0ElMkYlMkZ3d3cueW91dHViZS5jb20lMkZ1c2VyJTJGbWVyaW1uYXNlbWluYXJzZ3IlMjIlMjB0aXRsZSUzRCUyMllvdXR1YmUlMjIlMjB0YXJnZXQlM0QlMjJfYmxhbmslMjIlM0UlM0NpJTIwJTIwY2xhc3MlM0QlMjJpY29uLXlvdXR1YmUlMjIlM0UlM0MlMkZpJTNFJTNDJTJGYSUzRSUzQyUyRmRpdiUzRQ==[\/vc_raw_html][\/vc_column][vc_column width=&#8221;1\/3&#8243;][vc_column_text]<\/p>\n<h4>AT\u0130NA METROSU ile ula\u015f\u0131m<\/h4>\n<p><img loading=\"lazy\" decoding=\"async\" class=\"alignnone size-full wp-image-2995\" src=\"http:\/\/merimnaseminars.gr\/wp-content\/uploads\/2014\/02\/directions-merimna-seminars1.jpg\" alt=\"directions-merimna-seminars1\" width=\"269\" height=\"305\" srcset=\"https:\/\/merimnaseminars.gr\/wp-content\/uploads\/2014\/02\/directions-merimna-seminars1.jpg 269w, https:\/\/merimnaseminars.gr\/wp-content\/uploads\/2014\/02\/directions-merimna-seminars1-265x300.jpg 265w\" sizes=\"auto, (max-width: 269px) 100vw, 269px\" \/>[\/vc_column_text][\/vc_column][vc_column width=&#8221;1\/3&#8243;][vc_column_text]<\/p>\n<h4>Mesaj b\u0131rak\u0131n.<\/h4>\n<p>[\/vc_column_text][contact-form-7 id=&#8221;3837&#8243; title=&#8221;Contact Form&#8221;][\/vc_column][\/vc_row]<\/p>\n<\/div>","protected":false},"excerpt":{"rendered":"<p>[vc_row inner_container=&#8221;no&#8221; padding_top=&#8221;0&#8243; padding_bottom=&#8221;0&#8243;][vc_column][vc_gmaps link=&#8221;https:\/\/www.google.com\/maps\/embed?pb=!1m18!1m12!1m3!1d3146.561095541977!2d23.740418599999995!3d37.9406828!2m3!1f0!2f0!3f0!3m2!1i1024!2i768!4f13.1!3m3!1m2!1s0x14a1bd97f12a22e1%3A0xca1b3dbe7ba17f6a!2zzpzOlc6hzpnOnM6dzpEgzpnOnc6jzqTOmc6kzp_Opc6kzp8gzqPOpc6dzpXOp86fzqXOoyDOlc6gzpHOk86TzpXOm86czpHOpM6ZzprOl86jIM6VzqDOmc6czp_Ooc6mzqnOo86XzqM!5e0!3m2!1sel!2sgr!4v1442089011274&#8243; size=&#8221;250&#8243; type=&#8221;m&#8221; zoom=&#8221;14&#8243;][\/vc_column][\/vc_row][vc_row][vc_column width=&#8221;1\/3&#8243;][vc_column_text] \u0130leti\u015fim Bilgileri MER\u0130MNA ENST\u0130T\u00dcS\u00dc Greece S\u00fcrekli Mesleki E\u011fitim Enstit\u00fcs\u00fc Vouliagmenis cad. No: 272A Agios Dimitrios, Atina, Greece Posta Kodu:173 43 (METRO Agios Dimitrios dura\u011f\u0131 ) Telefon: (+30) 210 9734000 Fax: (+30) 210 9734330 E-mail: imerimna@otenet.gr[\/vc_column_text][vc_raw_html]JTNDcCUzRSUzQ2IlM0VGaW5kJTIwVXMlMjBvbiUyMFNvY2lhbCUyME1lZGlhJTNDJTJGYiUzRSUzQyUyRnAlM0UlMEElMEElM0NkaXYlMjBjbGFzcyUzRCUyMmZvb3Rlci1jaHIlMjIlM0UlMEElM0NhJTIwaHJlZiUzRCUyMmh0dHBzJTNBJTJGJTJGd3d3LmZhY2Vib29rLmNvbSUyRk1lcmltbmFJbnN0aXR1dGVjcGQlMkYlMjIlMjB0aXRsZSUzRCUyMkZhY2Vib29rJTIyJTIwdGFyZ2V0JTNEJTIyX2JsYW5rJTIyJTNFJTNDaSUyMCUyMGNsYXNzJTNEJTIyaWNvbi1mYWNlYm9vayUyMiUzRSUzQyUyRmklM0UlM0MlMkZhJTNFJTI2bmJzcCUzQiUyNm5ic3AlM0IlM0NhJTIwaHJlZiUzRCUyMmh0dHBzJTNBJTJGJTJGdmltZW8uY29tJTJGbWVyaW1uYXNlbWluYXJzJTIyJTIwdGl0bGUlM0QlMjJWaW1lbyUyMiUyMHRhcmdldCUzRCUyMl9ibGFuayUyMiUzRSUzQ2klMjAlMjBjbGFzcyUzRCUyMmljb24tdmltZW8tc3F1YXJlZCUyMiUzRSUzQyUyRmklM0UlM0MlMkZhJTNFJTI2bmJzcCUzQiUyNm5ic3AlM0IlM0NhJTIwaHJlZiUzRCUyMmh0dHBzJTNBJTJGJTJGcGx1cy5nb29nbGUuY29tJTJGJTJCTWVyaW1uYXNlbWluYXJzR3IlMjIlMjB0aXRsZSUzRCUyMkdvb2dsZSUyMFBsdXMlMjIlMjB0YXJnZXQlM0QlMjJfYmxhbmslMjIlM0UlM0NpJTIwJTIwY2xhc3MlM0QlMjJpY29uLWdwbHVzJTIyJTNFJTNDJTJGaSUzRSUzQyUyRmElM0UlMjZuYnNwJTNCJTI2bmJzcCUzQiUzQ2ElMjBocmVmJTNEJTIyaHR0cHMlM0ElMkYlMkZ3d3cueW91dHViZS5jb20lMkZ1c2VyJTJGbWVyaW1uYXNlbWluYXJzZ3IlMjIlMjB0aXRsZSUzRCUyMllvdXR1YmUlMjIlMjB0YXJnZXQlM0QlMjJfYmxhbmslMjIlM0UlM0NpJTIwJTIwY2xhc3MlM0QlMjJpY29uLXlvdXR1YmUlMjIlM0UlM0MlMkZpJTNFJTNDJTJGYSUzRSUzQyUyRmRpdiUzRQ==[\/vc_raw_html][\/vc_column][vc_column width=&#8221;1\/3&#8243;][vc_column_text] AT\u0130NA METROSU ile ula\u015f\u0131m [\/vc_column_text][\/vc_column][vc_column width=&#8221;1\/3&#8243;][vc_column_text] Mesaj b\u0131rak\u0131n. [\/vc_column_text][contact-form-7 id=&#8221;3837&#8243; title=&#8221;Contact Form&#8221;][\/vc_column][\/vc_row]<\/p>\n","protected":false},"author":1,"featured_media":0,"parent":0,"menu_order":0,"comment_status":"closed","ping_status":"closed","template":"page-templates\/full-width.php","meta":{"inline_featured_image":false,"footnotes":""},"class_list":["post-3851","page","type-page","status-publish","hentry"],"_links":{"self":[{"href":"https:\/\/merimnaseminars.gr\/tr\/wp-json\/wp\/v2\/pages\/3851","targetHints":{"allow":["GET"]}}],"collection":[{"href":"https:\/\/merimnaseminars.gr\/tr\/wp-json\/wp\/v2\/pages"}],"about":[{"href":"https:\/\/merimnaseminars.gr\/tr\/wp-json\/wp\/v2\/types\/page"}],"author":[{"embeddable":true,"href":"https:\/\/merimnaseminars.gr\/tr\/wp-json\/wp\/v2\/users\/1"}],"replies":[{"embeddable":true,"href":"https:\/\/merimnaseminars.gr\/tr\/wp-json\/wp\/v2\/comments?post=3851"}],"version-history":[{"count":0,"href":"https:\/\/merimnaseminars.gr\/tr\/wp-json\/wp\/v2\/pages\/3851\/revisions"}],"wp:attachment":[{"href":"https:\/\/merimnaseminars.gr\/tr\/wp-json\/wp\/v2\/media?parent=3851"}],"curies":[{"name":"wp","href":"https:\/\/api.w.org\/{rel}","templated":true}]}}