{"id":3882,"date":"2015-09-12T13:30:52","date_gmt":"2015-09-12T10:30:52","guid":{"rendered":"http:\/\/merimnaseminars.gr\/?page_id=3882"},"modified":"2022-05-25T19:28:06","modified_gmt":"2022-05-25T16:28:06","slug":"merimna-institute-greece","status":"publish","type":"page","link":"https:\/\/merimnaseminars.gr\/tr\/merimna-institute-greece\/","title":{"rendered":"Merimna Enstit\u00fcs\u00fc Greece"},"content":{"rendered":"<div class=\"wpb-content-wrapper\"><p>[vc_row text_color=&#8221;#ffffff&#8221; type=&#8221;image&#8221; bg_position=&#8221;center&#8221; bg_position_horizontal=&#8221;center&#8221; enable_parallax=&#8221;false&#8221; parallax_speed=&#8221;0.3&#8243; padding_top=&#8221;100&#8243; padding_bottom=&#8221;100&#8243; bg_image=&#8221;15286&#8243;][vc_column width=&#8221;1\/2&#8243;][vc_column_text]<\/p>\n<h1>Enstit\u00fc<span style=\"font-size: 14px;\"><br \/>\nS\u00fcrekli mesleki e\u011fitim enstit\u00fcs\u00fc<\/span><\/h1>\n<p>[\/vc_column_text]<div  class=\"kleo-gap\" style=\"height:5px;line-height:5px;\"><\/div>[vc_column_text]Merimna Enstit\u00fcs\u00fc, y\u00fcksek esteti\u011fe sahip modern bir mekanda, en son teknolojik tesislere sahip olan, modern bir e\u011fitim merkezidir.<br \/>\nYunanistan\u2019\u0131n merkezi Atina\u2019da e\u015fsiz bir mekan olup, sahip oldu\u011fu modern tesisler ve m\u00fckemmel e\u011fitime sahip personeli ile, y\u00fcksek kalitede e\u011fitim hizmetleri i\u00e7in en iyi standartlar\u0131 olu\u015fturmakta ve kar\u015f\u0131lamaktad\u0131r.<\/p>\n<p><em><br \/>\n\u201cEn b\u00fcy\u00fck e\u011fitim kurumlar\u0131yla ve alan\u0131m\u0131zda d\u00fcnya \u00e7ap\u0131nda en \u00e7ok kabul g\u00f6rm\u00fc\u015f e\u011fitimcilerle, \u00f6m\u00fcr boyu e\u011fitimde fark\u0131 yaratmaya \u00e7al\u0131\u015f\u0131yoruz\u201d.<\/em><\/p>\n<p>Nakas Nikolaos &#8211; DDS, CEO MERIMNA Institute, NYU &#8211; College of Dentistry Greece Program Leader[\/vc_column_text]<div  class=\"kleo-gap\" style=\"height:15px;line-height:15px;\"><\/div>[vc_single_image image=&#8221;2975&#8243; img_size=&#8221;279&#215;55&#8243; animation=&#8221;animate-when-visible&#8221; css_animation=&#8221;el-fade&#8221;]<div  class=\"kleo-gap\" style=\"height:5px;line-height:5px;\"><\/div>[vc_row_inner][vc_column_inner width=&#8221;1\/3&#8243;][vc_single_image image=&#8221;2785&#8243; img_size=&#8221;400&#215;400&#8243; animation=&#8221;animate-when-visible&#8221; css_animation=&#8221;el-fade&#8221;][vc_column_text]<span style=\"color: #ffffff;\">Nakas Nikolaos DDS<\/span><br \/>\n<span style=\"color: #ffffff; font-size: 10px;\">CEO MERIMNA INSTITUTE,<br \/>\nNYU \u2013 College of Dentistry<br \/>\nGreece Program Leader<\/span>[\/vc_column_text][\/vc_column_inner][vc_column_inner width=&#8221;1\/3&#8243;][\/vc_column_inner][vc_column_inner width=&#8221;1\/3&#8243;][\/vc_column_inner][\/vc_row_inner][\/vc_column][vc_column width=&#8221;1\/2&#8243;][\/vc_column][\/vc_row][vc_row padding_bottom=&#8221;70&#8243;][vc_column width=&#8221;1\/3&#8243;][vc_column_text]<\/p>\n<h2 style=\"text-align: left;\">Felsefemiz<\/h2>\n<p>[\/vc_column_text][vc_column_text]Merimna Enstit\u00fcs\u00fcn\u00fcn felsefesi basittir; temel bir hedefi vard\u0131r, o da bizlere ba\u015fvuran her ilgilinin ihtiya\u00e7lar\u0131n\u0131 kar\u015f\u0131lamakt\u0131r.<br \/>\n\u0130htisasla\u015fma, profesyonellik, dakiklik, sorumluluk, organizasyon, g\u00fcncel geli\u015fmeler hakk\u0131nda s\u00fcrekli aray\u0131\u015f ve bilgi sahibi olmak, ilgilinin ihtiya\u00e7lar\u0131na g\u00f6re esneklik, Merimna Enstit\u00fcs\u00fc\u2019n\u00fcn ayr\u0131lmaz unsurlar\u0131d\u0131r.<\/p>\n<p>M\u00fckemmel sonuca y\u00f6nelik \u0131srar\u0131m\u0131z, sadece m\u00fckemmelliyet\u00e7i felsefemizden de\u011fil, ayn\u0131 zamanda \u015firketimizin ba\u015far\u0131s\u0131n\u0131n, \u00fcstlendi\u011fimiz faaliyetlerin ba\u015far\u0131s\u0131yla do\u011frudan ba\u011flant\u0131l\u0131 oldu\u011fu bilincinden kaynaklanmaktad\u0131r.<br \/>\n\u00c7\u00fcnk\u00fc bizim i\u00e7in her vaka, sizin i\u00e7in bir davettir: ba\u015frol\u00fcn\u00fc sizin oynad\u0131\u011f\u0131n\u0131z bir d\u00fcnyaya davet! Bizim felsefemiz budur![\/vc_column_text][\/vc_column][vc_column width=&#8221;2\/3&#8243;][vc_tta_accordion][vc_tta_section title=&#8221;Enstit\u00fcn\u00fcn Amac\u0131&#8221; tab_id=&#8221;1442085363505-aa92707e-f911&#8243;][vc_column_text]Merimna Enstit\u00fcs\u00fcn\u00fcn amac\u0131 konferans ve bilimsel etkinliklerin organizasyonlar\u0131nda y\u00fcksek d\u00fczeyde hizmet sunmakt\u0131r. \u00d6zel olarak:<\/p>\n<p>\u2022 Oturum ve Konferanslar organizasyonu<br \/>\n\u2022 \u00d6\u011fretici ve E\u011fitici Seminerlerin ger\u00e7ekle\u015ftirilmesi<br \/>\n\u2022 Yurtd\u0131\u015f\u0131ndaki Akredite \u00dcniversitelerden Entegre Lisans\u00fcst\u00fc Programlar\u0131 organizasyon<br \/>\n\u2022 Etkinliklerinizin komple organizasyonu i\u00e7in \u00fc\u00e7\u00fcnc\u00fc ki\u015filere hizmet tedariki.<\/p>\n<p>\u015eirketimiz a\u015fa\u011f\u0131dakilere hitap etmektedir:<br \/>\n\u00d6m\u00fcr boyu e\u011fitimin yeni ilerici y\u00f6ntemlerine inanan bilim adamlar\u0131na.<br \/>\nEtkinliklerinin organizasyonunun, gerek estetik a\u00e7\u0131dan, gerekse b\u00fct\u00fcn modern materyal ve teknik altyap\u0131 a\u00e7\u0131s\u0131ndan \u00fcst d\u00fczey hizmet sa\u011flamakla ilgili oldu\u011funu kabul eden \u015firketlere.[\/vc_column_text][\/vc_tta_section][vc_tta_section title=&#8221;Tesisler&#8221; tab_id=&#8221;1442085363646-c27a0390-1d61&#8243;][vc_column_text]Merimna Enstit\u00fcs\u00fc\u2019n\u00fcn modern tesisleri ve m\u00fckemmel e\u011fitimli personeli, y\u00fcksek kalitede hizmet sa\u011flamak i\u00e7in gerekli standartlar\u0131 olu\u015fturmaktad\u0131r.<\/p>\n<p>Merimna Enstit\u00fcs\u00fc Atina\u2019da Agios Dimitrios (Vouliagmenis Caddesi no. 272A) adresinde bulunmaktad\u0131r, i\u015flevsel, ileri esteti\u011fe sahip bir mekana sahiptir ve b\u00f6ylelikle ihtiya\u00e7lar\u0131n\u0131z i\u00e7in ideal ko\u015fullar\u0131 sa\u011flamaktad\u0131r. Zengin ve modern te\u00e7hizata sahip olan, en m\u00fckemmel donan\u0131ml\u0131 lisans\u00fcst\u00fc e\u011fitim enstit\u00fclerinden biridir ve burada her y\u0131l y\u00fcksek say\u0131da seminer ger\u00e7ekle\u015ftirilmektedir.<\/p>\n<p>Merimna salonlar\u0131 okul d\u00fczeninde k\u0131rk (40) ki\u015filik kapasite ile, tiyatro d\u00fczeninde seksen (80) ki\u015filik kapasite ile sizlere hizmet etmeye haz\u0131rd\u0131r.[\/vc_column_text][\/vc_tta_section][vc_tta_section title=&#8221;Te\u00e7hizat&#8221; tab_id=&#8221;1442085519522-10e51f90-f486&#8243;][vc_column_text]Etkinli\u011finiz i\u00e7in Merimna Salonunu se\u00e7erseniz, sizlere hi\u00e7bir maliyeti olmaks\u0131z\u0131n a\u015fa\u011f\u0131daki g\u00f6rsel-i\u015fitsel te\u00e7hizat\u0131 sa\u011fl\u0131yoruz:<\/p>\n<p>\u2022 \u0130\u015fitsel mikrofonik tesisat<br \/>\n\u2022 Projeksiyon ekran\u0131<br \/>\n\u2022 Plexiglass k\u00fcrs\u00fc<br \/>\n\u2022 K\u00fcrs\u00fc i\u00e7in mikrofon<br \/>\n\u2022 Kablosuz el mikrofonu<br \/>\n\u2022 Kablosuz yaka mikrofonu<br \/>\n\u2022 Videoprojekt\u00f6r 3000 Ansi<br \/>\n\u2022 Laptop<br \/>\n\u2022 Kablosuz internet ba\u011flant\u0131s\u0131<br \/>\n\u2022 Flipchart<br \/>\n\u2022 Terc\u00fcmanlar kabini.[\/vc_column_text][\/vc_tta_section][vc_tta_section title=&#8221;Hizmetler&#8221; tab_id=&#8221;1442085535312-081ef315-3341&#8243;][vc_column_text]Enstit\u00fcn\u00fcn yetkilileriyle anla\u015farak, konferans salonunda bir ameliyat\u0131 canl\u0131 olarak sunman\u0131z i\u00e7in online ba\u011flant\u0131, ayr\u0131ca se\u00e7ece\u011finiz d\u00fcnyan\u0131n herhangi bir noktas\u0131 i\u00e7in telekonferans ba\u011flant\u0131s\u0131 sa\u011fl\u0131yoruz.<\/p>\n<p>Enstit\u00fcm\u00fcz\u00fcn i\u015f ortaklar\u0131, kahve molalar\u0131 ve \u00f6\u011fle yeme\u011fi i\u00e7in son derece lezzetli \u00f6neriler haz\u0131rlayarak, en b\u00fcy\u00fck beklentilerinizi dahi kar\u015f\u0131layabilmektedirler.<br \/>\nMen\u00fcler hakk\u0131nda daha fazla bilgi istiyorsan\u0131z, ihtiya\u00e7lar\u0131n\u0131za uyan men\u00fcleri se\u00e7menizde size memnuniyetle yard\u0131mc\u0131 oluruz.[\/vc_column_text][\/vc_tta_section][\/vc_tta_accordion][\/vc_column][\/vc_row][vc_row equal_height=&#8221;yes&#8221; content_placement=&#8221;middle&#8221; text_align=&#8221;center&#8221; text_color=&#8221;#ffffff&#8221; type=&#8221;color&#8221; bg_color=&#8221;#0b254a&#8221; vertical_align=&#8221;yes&#8221; padding_top=&#8221;70&#8243; padding_bottom=&#8221;70&#8243; min_height=&#8221;&#8221;][vc_column width=&#8221;2\/3&#8243; css=&#8221;.vc_custom_1440816839683{padding-top: 0px !important;padding-right: 10px !important;padding-bottom: 0px !important;padding-left: 10px !important;}&#8221;][vc_column_text css=&#8221;.vc_custom_1460891411885{padding-right: 25px !important;padding-left: 25px !important;}&#8221;]<\/p>\n<h3 style=\"text-align: left;\"><a href=\"https:\/\/merimnaseminars.gr\/tr\/cpd-certification-membership\/\">Merimna Institute | CPD Certificated Member<\/a><\/h3>\n<p style=\"text-align: left;\">The CPD Certification Service was established in 1996 as the leading independent CPD accreditation institution operating across industry sectors to complement the CPD policies of professional and academic bodies.<\/p>\n<p>[\/vc_column_text][\/vc_column][vc_column width=&#8221;1\/3&#8243; css=&#8221;.vc_custom_1440816910804{padding-top: 0px !important;padding-right: 10px !important;padding-bottom: 0px !important;padding-left: 10px !important;}&#8221;][vc_column_text]<\/p>\n<div style=\"text-align: center; width: 250px; padding: 10px; border: 1px solid #fff;\"><a style=\"line-height: 8px; font-size: 14px; color: #fff;\" title=\"Continuing Dental Education Center Certification\" href=\"http:\/\/merimnaseminars.gr\/en\/merimna-institute-certification\/\" target=\"_self\" rel=\"noopener\">Merimna Institute<br \/>\nLicence Number K.D.B.\u039c. 202168085<br \/>\nHELLENIC MINISTRY OF EDUCATION AND RELIGIOUS AFFAIRS<\/a><\/div>\n<p>[\/vc_column_text][\/vc_column][\/vc_row][vc_row text_align=&#8221;center&#8221; vertical_align=&#8221;yes&#8221; padding_top=&#8221;70&#8243; padding_bottom=&#8221;70&#8243;][vc_column width=&#8221;1\/4&#8243;][vc_column_text font_size=&#8221;13&#8243; css=&#8221;.vc_custom_1442403549945{padding-top: 25px !important;padding-right: 20px !important;padding-bottom: 25px !important;padding-left: 20px !important;}&#8221;]<\/p>\n<h2 style=\"text-align: left;\">Tesisler<\/h2>\n<p style=\"text-align: left;\">Merimna Enstit\u00fcs\u00fc\u2019n\u00fcn modern tesisleri ve m\u00fckemmel e\u011fitimli personeli, y\u00fcksek kalitede hizmet sa\u011flamak i\u00e7in gerekli standartlar\u0131 olu\u015fturmaktad\u0131r.<br \/>\nMerimna Enstit\u00fcs\u00fc Atina\u2019da Agios Dimitrios (Vouliagmenis Caddesi no. 272A) adresinde bulunmaktad\u0131r, i\u015flevsel, ileri esteti\u011fe sahip bir mekana sahiptir ve b\u00f6ylelikle ihtiya\u00e7lar\u0131n\u0131z i\u00e7in ideal ko\u015fullar\u0131 sa\u011flamaktad\u0131r. Zengin ve modern te\u00e7hizata sahip olan, en m\u00fckemmel donan\u0131ml\u0131 lisans\u00fcst\u00fc e\u011fitim enstit\u00fclerinden biridir ve burada her y\u0131l y\u00fcksek say\u0131da seminer ger\u00e7ekle\u015ftirilmektedir.<\/p>\n<p style=\"text-align: left;\">Merimna salonlar\u0131 okul d\u00fczeninde k\u0131rk (40) ki\u015filik kapasite ile, tiyatro d\u00fczeninde seksen (80) ki\u015filik kapasite ile sizlere hizmet etmeye haz\u0131rd\u0131r.<\/p>\n<p style=\"text-align: left;\">It is available at school type of 40 participants and at theater type of 80 participants. It is in an accessible location near Metro station, Agios Dimitrios.<\/p>\n<p>[\/vc_column_text][\/vc_column][vc_column width=&#8221;3\/4&#8243;][vc_gallery type=&#8221;grid&#8221; images=&#8221;2806,2811,2805,2807,2814,2815,2820,2821,2818,2817,2812,2816&#8243; grid_number=&#8221;5&#8243; gap=&#8221;large&#8221;][\/vc_column][\/vc_row][vc_row equal_height=&#8221;yes&#8221; content_placement=&#8221;middle&#8221; padding_bottom=&#8221;100&#8243;][vc_column width=&#8221;2\/3&#8243;][vc_single_image image=&#8221;15349&#8243; img_size=&#8221;full&#8221; animation=&#8221;animate-when-almost-visible&#8221; css_animation=&#8221;left-to-right&#8221;][\/vc_column][vc_column width=&#8221;1\/3&#8243;]<a class=\"btn btn-primary btn-xl\" href=\"https:\/\/merimnaseminars.gr\/tr\/iso-certifications\/\">ISO Certifications<\/a>[\/vc_column][\/vc_row]<\/p>\n<\/div>","protected":false},"excerpt":{"rendered":"<p>[vc_row text_color=&#8221;#ffffff&#8221; type=&#8221;image&#8221; bg_position=&#8221;center&#8221; bg_position_horizontal=&#8221;center&#8221; enable_parallax=&#8221;false&#8221; parallax_speed=&#8221;0.3&#8243; padding_top=&#8221;100&#8243; padding_bottom=&#8221;100&#8243; bg_image=&#8221;15286&#8243;][vc_column width=&#8221;1\/2&#8243;][vc_column_text] Enstit\u00fc S\u00fcrekli mesleki e\u011fitim enstit\u00fcs\u00fc [\/vc_column_text][vc_column_text]Merimna Enstit\u00fcs\u00fc, y\u00fcksek esteti\u011fe sahip modern bir mekanda, en son teknolojik tesislere sahip olan, modern bir e\u011fitim merkezidir. Yunanistan\u2019\u0131n merkezi Atina\u2019da e\u015fsiz bir mekan olup, sahip oldu\u011fu modern tesisler ve m\u00fckemmel e\u011fitime sahip personeli ile, y\u00fcksek kalitede e\u011fitim hizmetleri i\u00e7in en iyi standartlar\u0131 olu\u015fturmakta [&hellip;]<\/p>\n","protected":false},"author":1,"featured_media":0,"parent":0,"menu_order":0,"comment_status":"closed","ping_status":"closed","template":"page-templates\/full-width.php","meta":{"inline_featured_image":false,"footnotes":""},"class_list":["post-3882","page","type-page","status-publish","hentry"],"_links":{"self":[{"href":"https:\/\/merimnaseminars.gr\/tr\/wp-json\/wp\/v2\/pages\/3882","targetHints":{"allow":["GET"]}}],"collection":[{"href":"https:\/\/merimnaseminars.gr\/tr\/wp-json\/wp\/v2\/pages"}],"about":[{"href":"https:\/\/merimnaseminars.gr\/tr\/wp-json\/wp\/v2\/types\/page"}],"author":[{"embeddable":true,"href":"https:\/\/merimnaseminars.gr\/tr\/wp-json\/wp\/v2\/users\/1"}],"replies":[{"embeddable":true,"href":"https:\/\/merimnaseminars.gr\/tr\/wp-json\/wp\/v2\/comments?post=3882"}],"version-history":[{"count":0,"href":"https:\/\/merimnaseminars.gr\/tr\/wp-json\/wp\/v2\/pages\/3882\/revisions"}],"wp:attachment":[{"href":"https:\/\/merimnaseminars.gr\/tr\/wp-json\/wp\/v2\/media?parent=3882"}],"curies":[{"name":"wp","href":"https:\/\/api.w.org\/{rel}","templated":true}]}}