{"id":3901,"date":"2015-09-12T17:45:38","date_gmt":"2015-09-12T14:45:38","guid":{"rendered":"http:\/\/merimnaseminars.gr\/?page_id=3901"},"modified":"2015-09-17T13:49:54","modified_gmt":"2015-09-17T13:49:54","slug":"aalz-greece","status":"publish","type":"page","link":"https:\/\/merimnaseminars.gr\/tr\/aalz-greece\/","title":{"rendered":"AALZ Greece"},"content":{"rendered":"<div class=\"wpb-content-wrapper\"><p>[vc_row][vc_column width=&#8221;1\/4&#8243;][vc_column_text]<\/p>\n<h1>Aachen Center for Laser Dentistry<\/h1>\n<h3>University of Excellence RWTH Aachen<\/h3>\n<p>[\/vc_column_text][\/vc_column][vc_column width=&#8221;1\/2&#8243;][vc_column_text]<img loading=\"lazy\" decoding=\"async\" class=\"alignnone size-full wp-image-2931\" src=\"http:\/\/merimnaseminars.gr\/wp-content\/uploads\/2015\/09\/aazl5.jpg\" alt=\"aazl5\" width=\"902\" height=\"60\" srcset=\"https:\/\/merimnaseminars.gr\/wp-content\/uploads\/2015\/09\/aazl5.jpg 902w, https:\/\/merimnaseminars.gr\/wp-content\/uploads\/2015\/09\/aazl5-300x20.jpg 300w, https:\/\/merimnaseminars.gr\/wp-content\/uploads\/2015\/09\/aazl5-672x45.jpg 672w, https:\/\/merimnaseminars.gr\/wp-content\/uploads\/2015\/09\/aazl5-480x31.jpg 480w\" sizes=\"auto, (max-width: 902px) 100vw, 902px\" \/><\/p>\n<p>Di\u015f\u00e7ilik Lazer E\u011fitimi Enstit\u00fcs\u00fc (AALZ Greece) Merimna Enstit\u00fcs\u00fcnde yeni 2014-2015 Bir Y\u0131ll\u0131k Program\u0131n\u0131n ba\u015flad\u0131\u011f\u0131n\u0131 duyurur.<\/p>\n<p>Halen, 5inci faaliyet y\u0131l\u0131na ba\u015flarken, oniki tane Akredite Laser G\u00fcvenlik Teknisyeni E\u011fitim Seminerleri (LaserSafetyOfficerCourses) ve Diyot laser Seminerleri ile di\u015f\u00e7ilik laser\u2019inde d\u00f6rt tane Bir Y\u0131ll\u0131k E\u011fitim Program\u0131 (Mastership\/FellowshipCourse) d\u00fczenlemi\u015ftir.<br \/>\nAlmanya\u2019n\u0131n Aachen \u015fehrindeki RWTH \u00dcniversitesi ile i\u015fbirli\u011fi i\u00e7inde, Avrupa Birli\u011fi taraf\u0131ndan akredite ve onayl\u0131 olan laserli di\u015f hekimli\u011fi e\u011fitim programlar\u0131 sunmaktad\u0131r. Program\u0131n Bilimsel Direkt\u00f6r\u00fc profes\u00f6r Norbert Gutknecht\u2019tir.<\/p>\n<p>Bu e\u011fitim program\u0131nda di\u015f hekimi laser Fizi\u011fi, laser\u2019lerin g\u00fcvenli ve do\u011fru klinik kullan\u0131m\u0131 ve ayr\u0131ca bunlar\u0131n bilimsel olarak kan\u0131tlanan g\u00f6stergeleri konular\u0131nda derinlemesine bilgi edinir. S\u00fcresi, 4 mod\u00fcle b\u00f6l\u00fcnen 12 e\u011fitim g\u00fcn\u00fcd\u00fcr, internet e\u011fitim platformu \u00fczerinden ise \u00f6\u011frenciler \u00dcniversite ve ders veren profes\u00f6rlerle temas halinde olurlar.[\/vc_column_text][vc_column_text]<img loading=\"lazy\" decoding=\"async\" class=\"alignnone size-full wp-image-2932\" src=\"http:\/\/merimnaseminars.gr\/wp-content\/uploads\/2015\/09\/aalz-3.jpg\" alt=\"aalz-3\" width=\"902\" height=\"154\" srcset=\"https:\/\/merimnaseminars.gr\/wp-content\/uploads\/2015\/09\/aalz-3.jpg 902w, https:\/\/merimnaseminars.gr\/wp-content\/uploads\/2015\/09\/aalz-3-300x51.jpg 300w, https:\/\/merimnaseminars.gr\/wp-content\/uploads\/2015\/09\/aalz-3-672x115.jpg 672w\" sizes=\"auto, (max-width: 902px) 100vw, 902px\" \/><\/p>\n<p>Bu program, se\u00e7ilmi\u015f dalga boylar\u0131nda uzmanla\u015fmak isteyen di\u015f hekimlerine hitap etmektedir. Y\u0131l i\u00e7inde kat\u0131l\u0131mc\u0131lar, konunun derinlemesine anla\u015f\u0131lmas\u0131 i\u00e7in gerekli olan temel fizik ve teknik bilgileri \u00f6\u011frenirler. Program, d\u00f6rt ba\u015fl\u0131\u011fa ayr\u0131lan oniki e\u011fitim g\u00fcn\u00fcne ayr\u0131l\u0131r ve kat\u0131l\u0131m zorunludur.<\/p>\n<p>A\u015fa\u011f\u0131daki dalga boylar\u0131 \u00f6\u011fretilmektedir:<\/p>\n<p>1. Er:YAG \u03ba\u03b1\u03b9 Er,Cr:YSGG<br \/>\n2. Y\u00fcksek ve al\u00e7ak g\u00fc\u00e7te (LLLT) diyot laser, Fotodinamik<br \/>\n3. Tedavi (PDT) ve te\u015fhis laser\u2019leri.<br \/>\n4. Nd:YAG laser[\/vc_column_text][\/vc_column][vc_column width=&#8221;1\/4&#8243;]<div  class=\"kleo-gap\" style=\"height:15px;line-height:15px;\"><\/div><a href=\"https:\/\/www.youtube.com\/watch?v=H18eolP6PjE\" class=\"cq-videocover-lightbox\" data-lightbox-gallery=\"\" data-videowidth=\"\" title=\"\" target=\"_blank\" rel=\"noopener\"><div class=\"cq-videocover \" data-iconsize=\"\" data-iconbgsize=\"\" data-iconcolor=\"\" data-iconbgcolor=\"\" data-tooltip=\"\" data-iconposition=\"center\"><img decoding=\"async\" src=\"https:\/\/merimnaseminars.gr\/wp-content\/uploads\/2015\/09\/aazl.jpg\" alt=\"\" class=\"cq-videocover-img square\"  \/><\/div><\/a><div  class=\"kleo-gap\" style=\"height:15px;line-height:15px;\"><\/div>[vc_column_text]<a class=\"btn btn-default\" href=\"http:\/\/merimnaseminars.gr\/wp-content\/uploads\/2015\/09\/FLyer_Mastership_EN_2011.pdf\" target=\"_blank\">Info Brochure<\/a><\/p>\n<p><a class=\"btn btn-primary\" href=\"http:\/\/aalz.gr\/el\/home\" target=\"_blank\" rel=\"noopener\">AALZ Website<\/a>[\/vc_column_text][\/vc_column][\/vc_row]<\/p>\n<\/div>","protected":false},"excerpt":{"rendered":"<p>[vc_row][vc_column width=&#8221;1\/4&#8243;][vc_column_text] Aachen Center for Laser Dentistry University of Excellence RWTH Aachen [\/vc_column_text][\/vc_column][vc_column width=&#8221;1\/2&#8243;][vc_column_text] Di\u015f\u00e7ilik Lazer E\u011fitimi Enstit\u00fcs\u00fc (AALZ Greece) Merimna Enstit\u00fcs\u00fcnde yeni 2014-2015 Bir Y\u0131ll\u0131k Program\u0131n\u0131n ba\u015flad\u0131\u011f\u0131n\u0131 duyurur. Halen, 5inci faaliyet y\u0131l\u0131na ba\u015flarken, oniki tane Akredite Laser G\u00fcvenlik Teknisyeni E\u011fitim Seminerleri (LaserSafetyOfficerCourses) ve Diyot laser Seminerleri ile di\u015f\u00e7ilik laser\u2019inde d\u00f6rt tane Bir Y\u0131ll\u0131k E\u011fitim Program\u0131 (Mastership\/FellowshipCourse) d\u00fczenlemi\u015ftir. Almanya\u2019n\u0131n Aachen [&hellip;]<\/p>\n","protected":false},"author":1,"featured_media":0,"parent":0,"menu_order":0,"comment_status":"closed","ping_status":"closed","template":"page-templates\/full-width.php","meta":{"inline_featured_image":false,"footnotes":""},"class_list":["post-3901","page","type-page","status-publish","hentry"],"_links":{"self":[{"href":"https:\/\/merimnaseminars.gr\/tr\/wp-json\/wp\/v2\/pages\/3901","targetHints":{"allow":["GET"]}}],"collection":[{"href":"https:\/\/merimnaseminars.gr\/tr\/wp-json\/wp\/v2\/pages"}],"about":[{"href":"https:\/\/merimnaseminars.gr\/tr\/wp-json\/wp\/v2\/types\/page"}],"author":[{"embeddable":true,"href":"https:\/\/merimnaseminars.gr\/tr\/wp-json\/wp\/v2\/users\/1"}],"replies":[{"embeddable":true,"href":"https:\/\/merimnaseminars.gr\/tr\/wp-json\/wp\/v2\/comments?post=3901"}],"version-history":[{"count":0,"href":"https:\/\/merimnaseminars.gr\/tr\/wp-json\/wp\/v2\/pages\/3901\/revisions"}],"wp:attachment":[{"href":"https:\/\/merimnaseminars.gr\/tr\/wp-json\/wp\/v2\/media?parent=3901"}],"curies":[{"name":"wp","href":"https:\/\/api.w.org\/{rel}","templated":true}]}}