{"id":3911,"date":"2015-09-12T17:00:06","date_gmt":"2015-09-12T14:00:06","guid":{"rendered":"http:\/\/merimnaseminars.gr\/?page_id=3911"},"modified":"2025-04-04T16:03:05","modified_gmt":"2025-04-04T13:03:05","slug":"nyu-college-of-dentistry","status":"publish","type":"page","link":"https:\/\/merimnaseminars.gr\/tr\/nyu-college-of-dentistry\/","title":{"rendered":"NYU College of Dentistry"},"content":{"rendered":"<div class=\"wpb-content-wrapper\"><p>[vc_row padding_top=&#8221;50&#8243; padding_bottom=&#8221;50&#8243;][vc_column width=&#8221;1\/4&#8243;][vc_column_text]<\/p>\n<h1>NYU | DENTISTRY<\/h1>\n<h3>Current Concepts in American Dentistry<\/h3>\n<p>E\u011fitim program\u0131, bilimsel seminerler bir dizi i\u00e7erir, laboratuvar g\u00f6steriler ve klinik seyri kat\u0131l\u0131m canl\u0131 etkinlikleri izlemek.[\/vc_column_text][\/vc_column][vc_column width=&#8221;1\/2&#8243;][vc_column_text]<img loading=\"lazy\" decoding=\"async\" class=\"alignnone size-full wp-image-2902\" src=\"http:\/\/merimnaseminars.gr\/wp-content\/uploads\/2015\/09\/nyu-dentistry.jpg\" alt=\"nyu-dentistry\" width=\"902\" height=\"60\" srcset=\"https:\/\/merimnaseminars.gr\/wp-content\/uploads\/2015\/09\/nyu-dentistry.jpg 902w, https:\/\/merimnaseminars.gr\/wp-content\/uploads\/2015\/09\/nyu-dentistry-300x20.jpg 300w, https:\/\/merimnaseminars.gr\/wp-content\/uploads\/2015\/09\/nyu-dentistry-672x45.jpg 672w, https:\/\/merimnaseminars.gr\/wp-content\/uploads\/2015\/09\/nyu-dentistry-480x31.jpg 480w\" sizes=\"auto, (max-width: 902px) 100vw, 902px\" \/><\/p>\n<p>\u201cCurrent Concepts in American Dentistry\u201d (Amerikan Di\u015f Hekimli\u011finde G\u00fcncel Kavramlar) Uluslararas\u0131 Program\u0131 1981 y\u0131l\u0131nda New York \u00dcniversitesi Di Hekimli\u011fi Fak\u00fcltesinin Center for Continuing Dental Education Programs (S\u00fcrekli Di\u015f E\u011fitim Programlar\u0131 Merkezi) taraf\u0131ndan kurulmu\u015ftur. Bu program \u015fu an 27 de\u011fi\u015fik \u00fclkeden gelen 3.800\u2019in \u00fczerinde mezun vermektedir.<\/p>\n<p>Bu se\u00e7kin e\u011fitim programlar\u0131 ABD d\u0131\u015f\u0131ndan klinik Di\u015f Hekimlerine, Di\u015f Hekimli\u011fi Biliminin \u00e7e\u015fitli uzmanl\u0131k dallar\u0131nda detayl\u0131 ve ihtisasla\u015fm\u0131\u015f bilgi sa\u011flamak \u00fczere tasarlanm\u0131\u015flard\u0131r.<br \/>\nBu program\u0131n E\u011fitim Sorumlular\u0131, New York \u00dcniversitesi profes\u00f6rleri, Mezunlar\u0131 ve ABD\u2019nin ba\u015fka \u00dcniversitelerinden profes\u00f6rlerle klinik Di\u015f Hekimleridir. E\u011fitim program\u0131, S\u00fcrekli E\u011fitimden Sorumlu Dekan Yard\u0131mc\u0131s\u0131 ile mutabakat sonucunda, kat\u0131l\u0131mc\u0131lar\u0131n d\u00fczeyine ba\u011fl\u0131 olarak belirlenmektedir.[\/vc_column_text][vc_row_inner][vc_column_inner][vc_single_image image=&#8221;21232&#8243; img_size=&#8221;full&#8221; alignment=&#8221;center&#8221; onclick=&#8221;link_image&#8221; css=&#8221;&#8221; full_width=&#8221;yes&#8221; box_shadow=&#8221;zoom&#8221;][\/vc_column_inner][\/vc_row_inner][vc_column_text]Bu Uluslararas\u0131 program halen a\u015fa\u011f\u0131daki \u00fclkelerde ger\u00e7ekle\u015ftirilmektedir: Brezilya, Kolombiya, Ekvador, Fransa, Almanya, Yunanistan, Hindistan, Endonezya, \u0130talya, Japonya, Kore, Meksika, Hollanda, Portekiz, \u0130spanya ve Tayvan. E\u011fitim program\u0131na bir dizi bilimsel seminer, laboratuvar sunumlar\u0131na kat\u0131l\u0131m ve tabii canl\u0131 vakalar\u0131n klinik takibi dahildir.<\/p>\n<p>Yukar\u0131dakilerin d\u0131\u015f\u0131nda, kat\u0131l\u0131mc\u0131lar\u0131n yaz\u0131l\u0131 bir \u00f6dev ile kendi muayenehaneler tamamlad\u0131klar\u0131 iki (2) iki klinik vaka sunmak zorundad\u0131rlar. B\u00fct\u00fcn programlar \u0130ngilizce olarak y\u00fcr\u00fct\u00fclmektedir, ancak Yunanca\u2019ya simultane \u00e7eviri yap\u0131lmaktad\u0131r.[\/vc_column_text][\/vc_column][vc_column width=&#8221;1\/4&#8243;][vc_column_text]<a href=\"http:\/\/dental.nyu.edu\/ce\/international.html\" target=\"_blank\" rel=\"noopener\"><img loading=\"lazy\" decoding=\"async\" class=\"alignnone size-full wp-image-10675\" src=\"http:\/\/merimnaseminars.gr\/wp-content\/uploads\/2018\/06\/nyu.jpg\" alt=\"NYU Dentistry\" width=\"320\" height=\"428\" srcset=\"https:\/\/merimnaseminars.gr\/wp-content\/uploads\/2018\/06\/nyu.jpg 320w, https:\/\/merimnaseminars.gr\/wp-content\/uploads\/2018\/06\/nyu-224x300.jpg 224w\" sizes=\"auto, (max-width: 320px) 100vw, 320px\" \/><\/a>[\/vc_column_text][vc_column_text]<b>Contact info<\/b><\/p>\n<p>H. Kendall Beacham (MBA)<br \/>\nAssistant Dean for Continuing Education<br \/>\n345 East 24th Street,<br \/>\nNew York, NY 10010<br \/>\nTelephone:+212-998-9771,<br \/>\nFax:+212-995-4084<\/p>\n<p><a class=\"btn btn-primary\" href=\"https:\/\/dental.nyu.edu\/ce\/cde\/international.html\" target=\"_blank\" rel=\"noopener\">NYU Website<\/a>[\/vc_column_text][\/vc_column][\/vc_row]<\/p>\n<\/div>","protected":false},"excerpt":{"rendered":"<p>[vc_row padding_top=&#8221;50&#8243; padding_bottom=&#8221;50&#8243;][vc_column width=&#8221;1\/4&#8243;][vc_column_text] NYU | DENTISTRY Current Concepts in American Dentistry E\u011fitim program\u0131, bilimsel seminerler bir dizi i\u00e7erir, laboratuvar g\u00f6steriler ve klinik seyri kat\u0131l\u0131m canl\u0131 etkinlikleri izlemek.[\/vc_column_text][\/vc_column][vc_column width=&#8221;1\/2&#8243;][vc_column_text] \u201cCurrent Concepts in American Dentistry\u201d (Amerikan Di\u015f Hekimli\u011finde G\u00fcncel Kavramlar) Uluslararas\u0131 Program\u0131 1981 y\u0131l\u0131nda New York \u00dcniversitesi Di Hekimli\u011fi Fak\u00fcltesinin Center for Continuing Dental Education Programs (S\u00fcrekli Di\u015f E\u011fitim Programlar\u0131 Merkezi) [&hellip;]<\/p>\n","protected":false},"author":1,"featured_media":0,"parent":0,"menu_order":0,"comment_status":"closed","ping_status":"closed","template":"page-templates\/full-width.php","meta":{"inline_featured_image":false,"footnotes":""},"class_list":["post-3911","page","type-page","status-publish","hentry"],"_links":{"self":[{"href":"https:\/\/merimnaseminars.gr\/tr\/wp-json\/wp\/v2\/pages\/3911","targetHints":{"allow":["GET"]}}],"collection":[{"href":"https:\/\/merimnaseminars.gr\/tr\/wp-json\/wp\/v2\/pages"}],"about":[{"href":"https:\/\/merimnaseminars.gr\/tr\/wp-json\/wp\/v2\/types\/page"}],"author":[{"embeddable":true,"href":"https:\/\/merimnaseminars.gr\/tr\/wp-json\/wp\/v2\/users\/1"}],"replies":[{"embeddable":true,"href":"https:\/\/merimnaseminars.gr\/tr\/wp-json\/wp\/v2\/comments?post=3911"}],"version-history":[{"count":0,"href":"https:\/\/merimnaseminars.gr\/tr\/wp-json\/wp\/v2\/pages\/3911\/revisions"}],"wp:attachment":[{"href":"https:\/\/merimnaseminars.gr\/tr\/wp-json\/wp\/v2\/media?parent=3911"}],"curies":[{"name":"wp","href":"https:\/\/api.w.org\/{rel}","templated":true}]}}