{"id":3920,"date":"2015-09-12T17:28:03","date_gmt":"2015-09-12T14:28:03","guid":{"rendered":"http:\/\/merimnaseminars.gr\/?page_id=3920"},"modified":"2024-09-06T12:29:05","modified_gmt":"2024-09-06T09:29:05","slug":"ucl-eastman-dental-institute","status":"publish","type":"page","link":"https:\/\/merimnaseminars.gr\/tr\/ucl-eastman-dental-institute\/","title":{"rendered":"UCL Eastman Dental Institute"},"content":{"rendered":"<div class=\"wpb-content-wrapper\"><p>[vc_row padding_top=&#8221;55&#8243; padding_bottom=&#8221;55&#8243;][vc_column width=&#8221;1\/4&#8243;][vc_column_text]<\/p>\n<h2 style=\"text-align: left;\">UCL Eastman Dental Institute<\/h2>\n<p>Continuing Professional Development[\/vc_column_text][vc_column_text]<\/p>\n<p style=\"text-align: left;\">50 y\u0131l\u0131 a\u015fk\u0131n deneyimle, Eastman Dental Institute a\u011f\u0131z bak\u0131m\u0131 bilimleri e\u011fitimi ve ara\u015ft\u0131rmas\u0131nda \u00f6nc\u00fcd\u00fcr. Enstit\u00fc \u0130ngiliz ve uluslararas\u0131 di\u015f\u00e7ilik toplulu\u011funun ihtiya\u00e7lar\u0131na hizmet etmektedir. Klinik e\u011fitim Eastman Dental Hospital kliniklerinde ger\u00e7ekle\u015fmektedir.<\/p>\n<p>[\/vc_column_text][\/vc_column][vc_column width=&#8221;1\/2&#8243;][vc_column_text]<img loading=\"lazy\" decoding=\"async\" class=\"alignnone size-full wp-image-2919\" src=\"http:\/\/merimnaseminars.gr\/wp-content\/uploads\/2015\/09\/ucl-dentistry.jpg\" alt=\"ucl-dentistry\" width=\"902\" height=\"60\" srcset=\"https:\/\/merimnaseminars.gr\/wp-content\/uploads\/2015\/09\/ucl-dentistry.jpg 902w, https:\/\/merimnaseminars.gr\/wp-content\/uploads\/2015\/09\/ucl-dentistry-300x20.jpg 300w, https:\/\/merimnaseminars.gr\/wp-content\/uploads\/2015\/09\/ucl-dentistry-672x45.jpg 672w\" sizes=\"auto, (max-width: 902px) 100vw, 902px\" \/><\/p>\n<p>Londra \u00dcniversitesi\u2019ne ba\u011fl\u0131 UCL Eastman Dental Institute Avrupa\u2019daki en b\u00fcy\u00fck lisans\u00fcst\u00fc merkezidir ve bu d\u00f6nemde yakla\u015f\u0131k 13.000 di\u015f hekimi ve di\u015f hekimi asistan\u0131 e\u011fitmektedir.<br \/>\nHatta, Queens Anniversary Prize for Higher and Further Education \u00f6d\u00fcl\u00fcn\u00fc alan ilk di\u015f hekimli\u011fi fak\u00fcltesi olmu\u015ftur.<\/p>\n<p>Enstit\u00fcn\u00fcn uluslararas\u0131 \u00fcne sahip profes\u00f6r ekibi biyomateryaller, mikrobiyoloji, doku rejenerasyonu alanlar\u0131nda \u00f6nc\u00fc ara\u015ft\u0131rma \u00e7al\u0131\u015fmalar\u0131 sa\u011flamakta ve ayn\u0131 zamanda di\u015f hekimli\u011fi uzmanl\u0131klar\u0131nda lisans\u00fcst\u00fc programlar\u0131 sunmaktad\u0131r.[\/vc_column_text][vc_column_text]<strong>Genel Bak\u0131\u015f<\/strong><br \/>\nEnstit\u00fcn\u00fcn personeline se\u00e7kin klinik hekimleri, \u00f6\u011fretmenler ve bilim adamlar\u0131 dahildir ve bunlar\u0131n \u00e7o\u011fu uluslararas\u0131 kurulu\u015flar, Avrupa kurulu\u015flar\u0131 ve ulusal kurumlarla i\u015fbirli\u011fi yapmaktad\u0131rlar, \u00fcnl\u00fc di\u015f hekimli\u011fi dergilerinde yazmaktad\u0131rlar, bilimsel makaleler ve yaz\u0131lar\u0131n yazarlar\u0131d\u0131r ve ayr\u0131ca muhtelif kraliyet kolejlerinin s\u0131nav denetmenleridir.<br \/>\nEastman gerek \u0130ngiltere\u2019den gerekse yurtd\u0131\u015f\u0131ndan ba\u015fka \u00fcniversitelerle, ayr\u0131ca Royal College of Surgeons ile i\u015fbirli\u011fi yapmaktad\u0131r. Son d\u00f6nemde, \u00f6\u011fretim, ara\u015ft\u0131rma ve klinik bak\u0131m\u0131 g\u00fc\u00e7lendirmek i\u00e7in Enstit\u00fcn\u00fcn tesislserinde \u00f6nemli yat\u0131r\u0131m ger\u00e7ekle\u015fmi\u015ftir.<\/p>\n<p>Bilgilendirme merkezi ve MEDIA merkezi geni\u015fletilmi\u015ftir ve y\u00fcksek teknolojiye sahip bilgisayarlar, tele-di\u015f hekimli\u011fi ve video-konferans ile yenilenmi\u015ftir. Enstit\u00fc gerek lisans\u00fcst\u00fc diplomalar\u0131, gerekse s\u00fcrekli mesleki e\u011fitim programlar\u0131ndaki y\u00fcksek kaliteli, yenilik\u00e7i \u00f6\u011fretimiyle tan\u0131nmaktad\u0131r. Bilgisayar \u00fczerinden \u00f6\u011frenim, uzaktan \u00f6\u011fretim ve bili\u015fim gibi en yeni bilgi ve \u00f6r\u011fetim y\u00f6ntemleri mevcuttur.<br \/>\nEnstit\u00fc, a\u011f\u0131z hastal\u0131klar\u0131n\u0131n molek\u00fcler te\u015fhisine ve di\u015f\u00e7ilik hizmetleri sa\u011flamaya konsantre olan m\u00fckemmel ara\u015ft\u0131rma laboratuvarlar\u0131na sahiptir.<\/p>\n<p>[\/vc_column_text][vc_video link=&#8221;https:\/\/youtu.be\/SmEztDwgt0Q&#8221; css=&#8221;&#8221;][vc_column_text]<br \/>\nEnstit\u00fc, a\u011f\u0131z te\u015fhisi (Diyagnostik), laser tedavileri ve di\u015f\u00e7ilik malzemeleri gibi yeni uzmanl\u0131klar\u0131n geli\u015ftirildi\u011fi ana kurulu\u015ftur. Ayr\u0131ca, di\u015f\u00e7ilik bili\u015fimi ve engelli ki\u015filer di\u015f\u00e7ili\u011fi gibi tek \u00f6zel birimlere sahiptir.<br \/>\nEastman Dental Institute\u2019\u00fcn di\u015f hekimlerinin \u00f6m\u00fcr boyu \u00f6\u011fretime daha geni\u015f kat\u0131l\u0131m\u0131 ve eri\u015fimi \u00e7abas\u0131, \u00dcniversite taraf\u0131ndan tan\u0131nan yeni bir dizi esnek program arac\u0131l\u0131\u011f\u0131yla ger\u00e7ekle\u015ftirilmektedir ve k\u0131sa bir s\u00fcreli\u011fine \u00e7ok modern tesislerde sunulmaktad\u0131r.<\/p>\n<p>Eastman Continuing Professional Development, k\u0131sa s\u00fcreli belgeli e\u011fitim programlar\u0131 sunumu ile, \u00f6m\u00fcr boyu \u00f6\u011frenime yap\u0131land\u0131r\u0131lm\u0131\u015f ve ilerici bir yakla\u015f\u0131m\u0131 te\u015fvik eder, ki b\u00f6ylelikle Di\u015f\u00e7ilik ekibinin b\u00fct\u00fcn \u00fcuelerine yeni e\u011fitim teknikleri konusunda s\u00fcrekli bilgilendirme sunar.[\/vc_column_text][\/vc_column][vc_column width=&#8221;1\/4&#8243;][vc_column_text css=&#8221;&#8221;]<b>Contact info<\/b><\/p>\n<p>University College London,<br \/>\nGower Street, London, WC1E 6BT<br \/>\nTel: +44 (0) 20 7679 2000<\/p>\n<p><a class=\"btn btn-primary\" href=\"http:\/\/www.ucl.ac.uk\/eastman\/cpd\" target=\"_blank\" rel=\"noopener\">UCL Website<\/a>[\/vc_column_text]<a href=\"https:\/\/www.youtube.com\/watch?v=02ozwXM4CK0&amp;feature=youtu.be\" class=\"cq-videocover-lightbox\" data-lightbox-gallery=\"\" data-videowidth=\"\" title=\"\" target=\"_blank\" rel=\"noopener\"><div class=\"cq-videocover \" data-iconsize=\"\" data-iconbgsize=\"\" data-iconcolor=\"\" data-iconbgcolor=\"\" data-tooltip=\"\" data-iconposition=\"center\"><img decoding=\"async\" src=\"https:\/\/merimnaseminars.gr\/wp-content\/uploads\/2015\/09\/eastman.jpg\" alt=\"\" class=\"cq-videocover-img square\"  \/><\/div><\/a>[\/vc_column][\/vc_row]<\/p>\n<\/div>","protected":false},"excerpt":{"rendered":"<p>[vc_row padding_top=&#8221;55&#8243; padding_bottom=&#8221;55&#8243;][vc_column width=&#8221;1\/4&#8243;][vc_column_text] UCL Eastman Dental Institute Continuing Professional Development[\/vc_column_text][vc_column_text] 50 y\u0131l\u0131 a\u015fk\u0131n deneyimle, Eastman Dental Institute a\u011f\u0131z bak\u0131m\u0131 bilimleri e\u011fitimi ve ara\u015ft\u0131rmas\u0131nda \u00f6nc\u00fcd\u00fcr. Enstit\u00fc \u0130ngiliz ve uluslararas\u0131 di\u015f\u00e7ilik toplulu\u011funun ihtiya\u00e7lar\u0131na hizmet etmektedir. Klinik e\u011fitim Eastman Dental Hospital kliniklerinde ger\u00e7ekle\u015fmektedir. [\/vc_column_text][\/vc_column][vc_column width=&#8221;1\/2&#8243;][vc_column_text] Londra \u00dcniversitesi\u2019ne ba\u011fl\u0131 UCL Eastman Dental Institute Avrupa\u2019daki en b\u00fcy\u00fck lisans\u00fcst\u00fc merkezidir ve bu d\u00f6nemde yakla\u015f\u0131k 13.000 [&hellip;]<\/p>\n","protected":false},"author":1,"featured_media":0,"parent":0,"menu_order":0,"comment_status":"closed","ping_status":"closed","template":"page-templates\/full-width.php","meta":{"inline_featured_image":false,"footnotes":""},"class_list":["post-3920","page","type-page","status-publish","hentry"],"_links":{"self":[{"href":"https:\/\/merimnaseminars.gr\/tr\/wp-json\/wp\/v2\/pages\/3920","targetHints":{"allow":["GET"]}}],"collection":[{"href":"https:\/\/merimnaseminars.gr\/tr\/wp-json\/wp\/v2\/pages"}],"about":[{"href":"https:\/\/merimnaseminars.gr\/tr\/wp-json\/wp\/v2\/types\/page"}],"author":[{"embeddable":true,"href":"https:\/\/merimnaseminars.gr\/tr\/wp-json\/wp\/v2\/users\/1"}],"replies":[{"embeddable":true,"href":"https:\/\/merimnaseminars.gr\/tr\/wp-json\/wp\/v2\/comments?post=3920"}],"version-history":[{"count":0,"href":"https:\/\/merimnaseminars.gr\/tr\/wp-json\/wp\/v2\/pages\/3920\/revisions"}],"wp:attachment":[{"href":"https:\/\/merimnaseminars.gr\/tr\/wp-json\/wp\/v2\/media?parent=3920"}],"curies":[{"name":"wp","href":"https:\/\/api.w.org\/{rel}","templated":true}]}}