{"id":3934,"date":"2015-09-12T17:57:10","date_gmt":"2015-09-12T14:57:10","guid":{"rendered":"http:\/\/merimnaseminars.gr\/?page_id=3934"},"modified":"2023-12-02T22:57:26","modified_gmt":"2023-12-02T20:57:26","slug":"affiliated-institutions","status":"publish","type":"page","link":"https:\/\/merimnaseminars.gr\/tr\/affiliated-institutions\/","title":{"rendered":"\u0130\u015f Orta\u011f\u0131 Enstit\u00fcler"},"content":{"rendered":"<div class=\"wpb-content-wrapper\"><p>[vc_row padding_bottom=&#8221;70&#8243;][vc_column width=&#8221;1\/4&#8243;][vc_column_text]<\/p>\n<h2>Cosmetic Courses<\/h2>\n<p>[\/vc_column_text][\/vc_column][vc_column width=&#8221;1\/2&#8243;][vc_column_text]<img decoding=\"async\" class=\"alignnone size-full wp-image-18970\" src=\"http:\/\/merimnaseminars.gr\/wp-content\/uploads\/2023\/12\/Cosmetic-Courses-Logo.svg\" alt=\"Cosmetic Courses\" width=\"320\" \/><\/p>\n<p><strong>Established since 2002<\/strong><\/p>\n<p>Created by internationally-recognised Consultant Plastic Surgeon Mr Adrian Richards, Cosmetic Courses offers multi award-winning aesthetic training courses to medical professionals delivered by our hand-picked expert faculty across the UK in our training clinics.<\/p>\n<p>\u2713 UK\u2019s first multi-award winning aesthetic training provider<br \/>\n\u2713 Trained over 30,000 delegates<br \/>\n\u2713 Expert trainers with 168 years of combined experience<br \/>\n\u2713 Personally tailored training to meet your needs<br \/>\n\u2713 Unlimited support throughout your training<br \/>\n\u2713 Accredited by all cosmetic insurance providers[\/vc_column_text][\/vc_column][vc_column width=&#8221;1\/4&#8243;][vc_column_text]<b>Contact info<\/b><br \/>\nCOSMETIC COURSES<br \/>\nRegistered Address \u2013 Cosmetic Courses, Summerleys Road, Unit E3 Regent Park, Princes Estate, Princes Risborough, HP27 9LE<\/p>\n<p><a class=\"btn btn-primary\" href=\"https:\/\/cosmeticcourses.co.uk\/\" target=\"_blank\" rel=\"noopener\">Website Cosmetic Courses<\/a>[\/vc_column_text][\/vc_column][\/vc_row][vc_row padding_bottom=&#8221;70&#8243;][vc_column width=&#8221;1\/4&#8243;][vc_column_text]<\/p>\n<h2>New York Smile Institute<\/h2>\n<p>[\/vc_column_text][\/vc_column][vc_column width=&#8221;1\/2&#8243;][vc_column_text]<a href=\"http:\/\/www.nysi.org\/\" target=\"_blank\" rel=\"noopener\"><img loading=\"lazy\" decoding=\"async\" class=\"size-full wp-image-2944 alignleft\" src=\"http:\/\/merimnaseminars.gr\/wp-content\/uploads\/2015\/09\/NYSI-2.jpg\" alt=\"NYSI-2\" width=\"230\" height=\"136\" \/><\/a><\/p>\n<p>Established in 1991, The New York Smile Institute began as a private office performing general dental care and has grown to an internationally recognized state-of-the-art facility that focuses on patient care and dental education.<\/p>\n<p>As of 2004 they have become the pre-eminent Aesthetic and Implant specialists in Manhattan. They house one of the USA&#8217;s largest libraries of dental photography and video imaging. Dental professionals come from around the world for Aesthetic and Implant Seminars for Continuing Education.[\/vc_column_text][\/vc_column][vc_column width=&#8221;1\/4&#8243;][vc_column_text]<b>Contact info<\/b><br \/>\nNew York Smile Institute<br \/>\n693 Fifth Avenue @54th Street &#8211; 14 Floor<br \/>\nNew York, NY\u00a0 10022<br \/>\nPhone:\u00a0(212) 319-6363\u00a0or (800) 998-NYSI<br \/>\nEmail: <a href=\"mailto:info@nysi.org\">info@nysi.org<\/a><\/p>\n<p><a class=\"btn btn-primary\" href=\"http:\/\/www.nysi.org\/\" target=\"_blank\" rel=\"noopener\">NYSI Website<\/a>[\/vc_column_text][\/vc_column][\/vc_row][vc_row padding_top=&#8221;20&#8243;][vc_column width=&#8221;1\/4&#8243;][vc_column_text]<\/p>\n<h2>International Academy<\/h2>\n<p>for Ultrasonic Surgery and Implantology[\/vc_column_text][\/vc_column][vc_column width=&#8221;1\/2&#8243;][vc_column_text]<a href=\"http:\/\/www.iausi.org\/\" target=\"_blank\" rel=\"noopener\"><img loading=\"lazy\" decoding=\"async\" class=\"size-full wp-image-2948 alignleft\" src=\"http:\/\/merimnaseminars.gr\/wp-content\/uploads\/2015\/09\/IAUSI.png\" alt=\"IAUSI\" width=\"250\" height=\"150\" \/><\/a><\/p>\n<p>IAUSI is a nonprofit NGO-organization. Their aims are basic research, development and advancement of standardized protocols in ultrasonic surgery and implantology concerning mainly OMF surgery, oral surgery, dentistry but also other disciplines of surgery in human medicine on a national and international level.<\/p>\n<p>IAUSI-members organize and hold scientific and educational information- and training sessions for OMF-surgeons, dentists and General Surgeons as well as seminars, workshops, hands-on-courses, national and international conferences.<\/p>\n<p>Membership can be granted to individual physicians with a degree in Dentistry and\/or General Medicine as well as to national and international medical non-profit organizations. Currently IAUSI has about 4000 direct or indirect members (via affiliation of national medical organizations). It\u00b4s headquarter is in Vienna\/Austria.<\/p>\n<p>The International Academy for Ultrasonic Surgery and Implantology was then associated within a short time period with leading professional national organizations in Germany, Poland, Ukraine, <strong>Greece (Merimna Institute)<\/strong>, France, Singapore, Indonesia, Australia and the USA numbers still growing.<\/p>\n<p><strong>The official language of IAUSI is English<\/strong><\/p>\n<p>Following the introduction of\u00a0\u00a0ultrasonic surgical devices in oromaxillofacial surgery, oral surgery and implantology a group of omfs and dental practitioners from\u00a0Austriaand\u00a0Germany\u00a0\u00a0formed a study club\u00a0to share research and information. This European study club eventually concluded that an inter national organization was essential to foster education and advancement in this field. As a result, the\u00a0International\u00a0Academy\u00a0for Ultrasonic Surgery and Implantology was formed.<\/p>\n<p>The first Annual Meeting of International Academy for Ultrasonic Surgery and Implantology was held in May, 2007, in\u00a0Vienna\u00a0,\u00a0Austria\u00a0. An Executive Board was elected to include representatives from omf-surgery, oral surgery, periodontics, prosthodontics, general practice and general medicine.[\/vc_column_text][\/vc_column][vc_column width=&#8221;1\/4&#8243;][vc_column_text]<b>The Executive Board:<\/b><\/p>\n<p>DDr. Angelo C. Troedhan (AUT), PhD., M.D., D.M.D, OMF-surgeon, dentist, President<\/p>\n<p>Dr. Andreas Kurrek (GER), PhD., D.M.D., dentist, Vice-President<\/p>\n<p>Dr. Marcel Wainwright (GER), PhD., D.M.D., dentist, Vice-President<\/p>\n<p>Dr. Izabela Schlichting (AUT), PhD., D.M.D., dentist, Secretary General<\/p>\n<p>Dr. Mag. Margit Winterleitner (AUT), PhD., M.D., E.S., general medicine, economic sciences, Treasurer<\/p>\n<p>Dr. Winston Tan (SG), PhD., M.D., D.M.D., OMF-Surgeon, Dentist, SINGAPORE, Regional Director Asia-Pacific<\/p>\n<p><a class=\"btn btn-primary\" href=\"http:\/\/www.iausi.org\/\" target=\"_blank\" rel=\"noopener\">IAUSI Website<\/a>[\/vc_column_text][\/vc_column][\/vc_row]<\/p>\n<\/div>","protected":false},"excerpt":{"rendered":"<p>[vc_row padding_bottom=&#8221;70&#8243;][vc_column width=&#8221;1\/4&#8243;][vc_column_text] Cosmetic Courses [\/vc_column_text][\/vc_column][vc_column width=&#8221;1\/2&#8243;][vc_column_text] Established since 2002 Created by internationally-recognised Consultant Plastic Surgeon Mr Adrian Richards, Cosmetic Courses offers multi award-winning aesthetic training courses to medical professionals delivered by our hand-picked expert faculty across the UK in our training clinics. \u2713 UK\u2019s first multi-award winning aesthetic training provider \u2713 Trained over 30,000 delegates \u2713 Expert trainers with [&hellip;]<\/p>\n","protected":false},"author":1,"featured_media":0,"parent":0,"menu_order":0,"comment_status":"closed","ping_status":"closed","template":"page-templates\/full-width.php","meta":{"inline_featured_image":false,"footnotes":""},"class_list":["post-3934","page","type-page","status-publish","hentry"],"_links":{"self":[{"href":"https:\/\/merimnaseminars.gr\/tr\/wp-json\/wp\/v2\/pages\/3934","targetHints":{"allow":["GET"]}}],"collection":[{"href":"https:\/\/merimnaseminars.gr\/tr\/wp-json\/wp\/v2\/pages"}],"about":[{"href":"https:\/\/merimnaseminars.gr\/tr\/wp-json\/wp\/v2\/types\/page"}],"author":[{"embeddable":true,"href":"https:\/\/merimnaseminars.gr\/tr\/wp-json\/wp\/v2\/users\/1"}],"replies":[{"embeddable":true,"href":"https:\/\/merimnaseminars.gr\/tr\/wp-json\/wp\/v2\/comments?post=3934"}],"version-history":[{"count":0,"href":"https:\/\/merimnaseminars.gr\/tr\/wp-json\/wp\/v2\/pages\/3934\/revisions"}],"wp:attachment":[{"href":"https:\/\/merimnaseminars.gr\/tr\/wp-json\/wp\/v2\/media?parent=3934"}],"curies":[{"name":"wp","href":"https:\/\/api.w.org\/{rel}","templated":true}]}}