{"id":4117,"date":"2015-09-16T20:49:44","date_gmt":"2015-09-16T17:49:44","guid":{"rendered":"http:\/\/merimnaseminars.gr\/?page_id=4117"},"modified":"2015-09-17T13:48:29","modified_gmt":"2015-09-17T13:48:29","slug":"news","status":"publish","type":"page","link":"https:\/\/merimnaseminars.gr\/tr\/news\/","title":{"rendered":"News"},"content":{"rendered":"<div class=\"wpb-content-wrapper\"><p>[vc_row min_height=&#8221;500&#8243;][vc_column][vc_column_text]<\/p>\n<h4 style=\"text-align: center;\">Yeni Uyar\u0131!<\/h4>\n<p style=\"text-align: center;\">Lisans\u00fcst\u00fc di\u015f programlar veya seminerlere de\u011fi\u015fiklik yok.<\/p>\n<p>[\/vc_column_text][\/vc_column][\/vc_row]<\/p>\n<\/div>","protected":false},"excerpt":{"rendered":"<p>[vc_row min_height=&#8221;500&#8243;][vc_column][vc_column_text] Yeni Uyar\u0131! Lisans\u00fcst\u00fc di\u015f programlar veya seminerlere de\u011fi\u015fiklik yok. [\/vc_column_text][\/vc_column][\/vc_row]<\/p>\n","protected":false},"author":1,"featured_media":0,"parent":0,"menu_order":0,"comment_status":"closed","ping_status":"closed","template":"page-templates\/full-width.php","meta":{"inline_featured_image":false,"footnotes":""},"class_list":["post-4117","page","type-page","status-publish","hentry"],"_links":{"self":[{"href":"https:\/\/merimnaseminars.gr\/tr\/wp-json\/wp\/v2\/pages\/4117","targetHints":{"allow":["GET"]}}],"collection":[{"href":"https:\/\/merimnaseminars.gr\/tr\/wp-json\/wp\/v2\/pages"}],"about":[{"href":"https:\/\/merimnaseminars.gr\/tr\/wp-json\/wp\/v2\/types\/page"}],"author":[{"embeddable":true,"href":"https:\/\/merimnaseminars.gr\/tr\/wp-json\/wp\/v2\/users\/1"}],"replies":[{"embeddable":true,"href":"https:\/\/merimnaseminars.gr\/tr\/wp-json\/wp\/v2\/comments?post=4117"}],"version-history":[{"count":0,"href":"https:\/\/merimnaseminars.gr\/tr\/wp-json\/wp\/v2\/pages\/4117\/revisions"}],"wp:attachment":[{"href":"https:\/\/merimnaseminars.gr\/tr\/wp-json\/wp\/v2\/media?parent=4117"}],"curies":[{"name":"wp","href":"https:\/\/api.w.org\/{rel}","templated":true}]}}